{"id":26,"date":"2015-06-09T14:42:26","date_gmt":"2015-06-09T14:42:26","guid":{"rendered":"http:\/\/impreza4.us-themes.com\/?page_id=26"},"modified":"2015-06-09T14:42:26","modified_gmt":"2015-06-09T14:42:26","slug":"portfolio","status":"publish","type":"page","link":"https:\/\/premiumclinic.rs\/ru\/","title":{"rendered":"Portfolio"},"content":{"rendered":"<section class=\"l-section wpb_row height_auto width_full\"><div class=\"l-section-h i-cf\"><div class=\"g-cols vc_row type_default valign_top\"><div class=\"vc_col-sm-12 wpb_column vc_column_container\"><div class=\"vc_column-inner\"><div class=\"wpb_wrapper\"><div class=\"w-grid type_metro layout_4404 ratio_1x1\" id=\"us_grid_1\"><style id=\"us_grid_1_css\">#us_grid_1 .w-grid-item{padding:5px}#us_grid_1 .w-grid-list{margin:-5px -5px 5px}.w-grid + #us_grid_1 .w-grid-list{margin-top:5px}#us_grid_1 .w-grid-item-h:before{padding-bottom:100.0000%}<\/style><style>.layout_4404 .w-grid-item-h:before{padding-bottom:100.0000%}@media (min-width:600px){.layout_4404 .w-grid-item.size_1x2 .w-grid-item-h:before{padding-bottom:calc(200% + 5px + 5px)}.layout_4404 .w-grid-item.size_2x1 .w-grid-item-h:before{padding-bottom:calc(50% - 5px * 1)}.layout_4404 .w-grid-item.size_2x2 .w-grid-item-h:before{padding-bottom:calc(100% - 5px * 0)}}.layout_4404 .w-grid-item-h{background:#646cfd;color:#ffffff}.layout_4404 .usg_post_image_1{transition-duration:0.5s;transform-origin:100% 100%;transform:scale(1) translate(0%,0%)}.layout_4404 .w-grid-item-h:hover .usg_post_image_1{transform:scale(1.20) translate(0%,0%);opacity:0.1}.layout_4404 .usg_post_title_1{transition-duration:0.35s;transform-origin:50% 50%;transform:scale(1) translate(0%,0%)}.layout_4404 .w-grid-item-h:hover .usg_post_title_1{transform:scale(1) translate(0%,0%);opacity:1;color:#ffffff!important}.layout_4404 .usg_post_taxonomy_1{transition-duration:0.3s;transform-origin:50% 50%;transform:scale(1) translate(0%,-40px);opacity:0}.layout_4404 .w-grid-item-h:hover .usg_post_taxonomy_1{transform:scale(1) translate(0%,0%);opacity:1}.layout_4404 .usg_post_content_1{transition-duration:0.5s;transform-origin:50% 50%;transform:scale(1) translate(0%,-3rem);opacity:0}.layout_4404 .w-grid-item-h:hover .usg_post_content_1{transform:scale(1) translate(0%,0%);opacity:1}@media(max-width:1399px){.layout_4404 .usg_post_content_1{display:none!important}}.layout_4404 .usg_post_image_1{position:absolute!important;left:0!important;top:0!important;bottom:0!important;right:0!important}.layout_4404 .usg_vwrapper_1{padding-left:10%!important;padding-top:10%!important;padding-right:10%!important;position:absolute!important;left:0!important;top:0!important;bottom:0!important;right:0!important}.layout_4404 .usg_post_title_1{color:inherit!important;font-size:calc(12px + 1vw)!important}.layout_4404 .usg_post_taxonomy_1{color:#ffffff!important;font-family:'Poppins', sans-serif!important;font-size:0.9rem!important;line-height:1!important;margin-bottom:3rem!important}.layout_4404 .usg_post_content_1{color:#ffffff!important;font-size:0.9rem!important;line-height:1.5!important}<\/style><div class=\"w-grid-list\"><article class=\"w-grid-item size_2x2 custom-link post-761 us_portfolio type-us_portfolio status-publish has-post-thumbnail hentry us_portfolio_category-mobile-apps\" data-id=\"761\">\r\n\t<div class=\"w-grid-item-h\" style=\"color:#fac5fa;\">\r\n\t\t\t\t\t<a class=\"w-grid-item-anchor\" href=\"https:\/\/premiumclinic.rs\/povecanje-grudi-implantatima\/\" aria-label=\"Uve\u0107anje Grudi\"><\/a>\r\n\t\t\t\t<div class=\"w-post-elm post_image usg_post_image_1 stretched\"><img loading=\"lazy\" decoding=\"async\" width=\"1000\" height=\"666\" src=\"https:\/\/premiumclinic.rs\/wp-content\/uploads\/2019\/10\/povecanje-grudi-beograd3.jpg\" class=\"attachment-full size-full wp-post-image\" alt=\"operacija grudi\" srcset=\"https:\/\/premiumclinic.rs\/wp-content\/uploads\/2019\/10\/povecanje-grudi-beograd3.jpg 1000w, https:\/\/premiumclinic.rs\/wp-content\/uploads\/2019\/10\/povecanje-grudi-beograd3-400x266.jpg 400w, https:\/\/premiumclinic.rs\/wp-content\/uploads\/2019\/10\/povecanje-grudi-beograd3-150x100.jpg 150w\" sizes=\"auto, (max-width: 1000px) 100vw, 1000px\" \/><\/div><div class=\"w-vwrapper usg_vwrapper_1 align_left valign_top \"><h2 class=\"w-post-elm post_title usg_post_title_1 entry-title has_text_color\">Uve\u0107anje Grudi<\/h2><div class=\"w-post-elm post_content usg_post_content_1\">POVE\u0106ANJE GRUDI IMPLANTATIMA \u2013 OPERACIJA KOJA \u017dENAMA VRA\u0106A SAMOPOUZDANJE I SIGURNOST<\/div><\/div>\t<\/div>\r\n<\/article>\r\n<article class=\"w-grid-item size_2x1 custom-link post-5293 us_portfolio type-us_portfolio status-publish has-post-thumbnail hentry us_portfolio_category-branding\" data-id=\"5293\">\r\n\t<div class=\"w-grid-item-h\" style=\"color:#ffffff;\">\r\n\t\t\t\t\t<a class=\"w-grid-item-anchor\" href=\"http:\/\/premiumclinic.rs\/operacija-kapaka\/\" aria-label=\"Operacija gornjih i donjih kapaka\"><\/a>\r\n\t\t\t\t<div class=\"w-post-elm post_image usg_post_image_1 stretched\"><img loading=\"lazy\" decoding=\"async\" width=\"640\" height=\"381\" src=\"https:\/\/premiumclinic.rs\/wp-content\/uploads\/2021\/03\/close-up-1837213_640.jpg\" class=\"attachment-full size-full wp-post-image\" alt=\"operacija kapaka\" srcset=\"https:\/\/premiumclinic.rs\/wp-content\/uploads\/2021\/03\/close-up-1837213_640.jpg 640w, https:\/\/premiumclinic.rs\/wp-content\/uploads\/2021\/03\/close-up-1837213_640-400x238.jpg 400w, https:\/\/premiumclinic.rs\/wp-content\/uploads\/2021\/03\/close-up-1837213_640-150x89.jpg 150w\" sizes=\"auto, (max-width: 640px) 100vw, 640px\" \/><\/div><div class=\"w-vwrapper usg_vwrapper_1 align_left valign_top \"><h2 class=\"w-post-elm post_title usg_post_title_1 entry-title has_text_color\">Operacija gornjih i donjih kapaka<\/h2><\/div>\t<\/div>\r\n<\/article>\r\n<article class=\"w-grid-item size_2x2 custom-link post-5987 us_portfolio type-us_portfolio status-publish has-post-thumbnail hentry us_portfolio_category-branding\" data-id=\"5987\">\r\n\t<div class=\"w-grid-item-h\">\r\n\t\t\t\t\t<a class=\"w-grid-item-anchor\" href=\"https:\/\/premiumclinic.rs\/zatezanje-koze-bezbolno-uz-endolift\/\" aria-label=\"Endolift laser\"><\/a>\r\n\t\t\t\t<div class=\"w-post-elm post_image usg_post_image_1 stretched\"><img loading=\"lazy\" decoding=\"async\" width=\"1920\" height=\"2560\" src=\"https:\/\/premiumclinic.rs\/wp-content\/uploads\/2022\/09\/1662562920609338-scaled.jpg\" class=\"attachment-full size-full wp-post-image\" alt=\"endolift laser aparat\" srcset=\"https:\/\/premiumclinic.rs\/wp-content\/uploads\/2022\/09\/1662562920609338-scaled.jpg 1920w, https:\/\/premiumclinic.rs\/wp-content\/uploads\/2022\/09\/1662562920609338-300x400.jpg 300w, https:\/\/premiumclinic.rs\/wp-content\/uploads\/2022\/09\/1662562920609338-768x1024.jpg 768w, https:\/\/premiumclinic.rs\/wp-content\/uploads\/2022\/09\/1662562920609338-113x150.jpg 113w, https:\/\/premiumclinic.rs\/wp-content\/uploads\/2022\/09\/1662562920609338-1152x1536.jpg 1152w, https:\/\/premiumclinic.rs\/wp-content\/uploads\/2022\/09\/1662562920609338-1536x2048.jpg 1536w\" sizes=\"auto, (max-width: 1920px) 100vw, 1920px\" \/><\/div><div class=\"w-vwrapper usg_vwrapper_1 align_left valign_top \"><h2 class=\"w-post-elm post_title usg_post_title_1 entry-title has_text_color\">Endolift laser<\/h2><\/div>\t<\/div>\r\n<\/article>\r\n<article class=\"w-grid-item size_1x1 custom-link post-782 us_portfolio type-us_portfolio status-publish has-post-thumbnail hentry us_portfolio_category-branding us_portfolio_tag-alma-soprano-titanium us_portfolio_tag-laserska-epilacija us_portfolio_tag-trajna-epilacija us_portfolio_tag-uklanjanje-dlaka\" data-id=\"782\">\r\n\t<div class=\"w-grid-item-h\" style=\"color:#ffffff;\">\r\n\t\t\t\t\t<a class=\"w-grid-item-anchor\" href=\"http:\/\/premiumclinic.rs\/alma-soprano-titanium-laser-za-epilaciju-dlaka\/\" aria-label=\"Laserska epilacija\"><\/a>\r\n\t\t\t\t<div class=\"w-post-elm post_image usg_post_image_1 stretched\"><img loading=\"lazy\" decoding=\"async\" width=\"1350\" height=\"901\" src=\"https:\/\/premiumclinic.rs\/wp-content\/uploads\/2021\/03\/Epilacija-17.jpg\" class=\"attachment-full size-full wp-post-image\" alt=\"laserska epilacija\" srcset=\"https:\/\/premiumclinic.rs\/wp-content\/uploads\/2021\/03\/Epilacija-17.jpg 1350w, https:\/\/premiumclinic.rs\/wp-content\/uploads\/2021\/03\/Epilacija-17-400x267.jpg 400w, https:\/\/premiumclinic.rs\/wp-content\/uploads\/2021\/03\/Epilacija-17-1024x683.jpg 1024w, https:\/\/premiumclinic.rs\/wp-content\/uploads\/2021\/03\/Epilacija-17-150x100.jpg 150w\" sizes=\"auto, (max-width: 1350px) 100vw, 1350px\" \/><\/div><div class=\"w-vwrapper usg_vwrapper_1 align_left valign_top \"><h2 class=\"w-post-elm post_title usg_post_title_1 entry-title has_text_color\">Laserska epilacija<\/h2><div class=\"w-post-elm post_content usg_post_content_1\">Laserska epilacija najsavremenijim aparatom &#8211; Alma Soprano Titanium<\/div><\/div>\t<\/div>\r\n<\/article>\r\n<article class=\"w-grid-item size_1x1 custom-link post-7619 us_portfolio type-us_portfolio status-publish has-post-thumbnail hentry us_portfolio_category-branding\" data-id=\"7619\">\r\n\t<div class=\"w-grid-item-h\">\r\n\t\t\t\t\t<a class=\"w-grid-item-anchor\" href=\"https:\/\/premiumclinic.rs\/xelpi-co%e2%82%82-laser\/\" aria-label=\"XELPI CO\u2082 Laser\"><\/a>\r\n\t\t\t\t<div class=\"w-post-elm post_image usg_post_image_1 stretched\"><img loading=\"lazy\" decoding=\"async\" width=\"1080\" height=\"1536\" src=\"https:\/\/premiumclinic.rs\/wp-content\/uploads\/2025\/11\/1761905921166497_889d938f-74c0-4229-875e-c4a5b166733d.jpg\" class=\"attachment-full size-full wp-post-image\" alt=\"co2 laser aparat premium clinic\" srcset=\"https:\/\/premiumclinic.rs\/wp-content\/uploads\/2025\/11\/1761905921166497_889d938f-74c0-4229-875e-c4a5b166733d.jpg 1080w, https:\/\/premiumclinic.rs\/wp-content\/uploads\/2025\/11\/1761905921166497_889d938f-74c0-4229-875e-c4a5b166733d-281x400.jpg 281w, https:\/\/premiumclinic.rs\/wp-content\/uploads\/2025\/11\/1761905921166497_889d938f-74c0-4229-875e-c4a5b166733d-720x1024.jpg 720w, https:\/\/premiumclinic.rs\/wp-content\/uploads\/2025\/11\/1761905921166497_889d938f-74c0-4229-875e-c4a5b166733d-105x150.jpg 105w\" sizes=\"auto, (max-width: 1080px) 100vw, 1080px\" \/><\/div><div class=\"w-vwrapper usg_vwrapper_1 align_left valign_top \"><h2 class=\"w-post-elm post_title usg_post_title_1 entry-title has_text_color\">XELPI CO\u2082 Laser<\/h2><\/div>\t<\/div>\r\n<\/article>\r\n<article class=\"w-grid-item size_1x1 post-799 us_portfolio type-us_portfolio status-publish has-post-thumbnail hentry us_portfolio_category-mobile-apps\" data-id=\"799\">\r\n\t<div class=\"w-grid-item-h\" style=\"color:#2b212b;\">\r\n\t\t\t\t\t<a class=\"w-grid-item-anchor\" href=\"https:\/\/premiumclinic.rs\/ru\/portfolio\/pink-lips\/\" rel=\"bookmark\" aria-label=\"Neinvazivne Estetske Procedure\"><\/a>\r\n\t\t\t\t<div class=\"w-post-elm post_image usg_post_image_1 stretched\"><img loading=\"lazy\" decoding=\"async\" width=\"2000\" height=\"2000\" src=\"https:\/\/premiumclinic.rs\/wp-content\/uploads\/2018\/11\/usne.jpg\" class=\"attachment-full size-full wp-post-image\" alt=\"\" srcset=\"https:\/\/premiumclinic.rs\/wp-content\/uploads\/2018\/11\/usne.jpg 2000w, https:\/\/premiumclinic.rs\/wp-content\/uploads\/2018\/11\/usne-400x400.jpg 400w, https:\/\/premiumclinic.rs\/wp-content\/uploads\/2018\/11\/usne-1024x1024.jpg 1024w, https:\/\/premiumclinic.rs\/wp-content\/uploads\/2018\/11\/usne-150x150.jpg 150w, https:\/\/premiumclinic.rs\/wp-content\/uploads\/2018\/11\/usne-1536x1536.jpg 1536w, https:\/\/premiumclinic.rs\/wp-content\/uploads\/2018\/11\/usne-600x600.jpg 600w\" sizes=\"auto, (max-width: 2000px) 100vw, 2000px\" \/><\/div><div class=\"w-vwrapper usg_vwrapper_1 align_left valign_top \"><h2 class=\"w-post-elm post_title usg_post_title_1 entry-title has_text_color\">Neinvazivne Estetske Procedure<\/h2><div class=\"w-post-elm post_content usg_post_content_1\">POVE\u0106ANJE I OBLIKOVANJE USANA, KOREKCIJA PODO\u010cNJAKA, UVE\u0106ANJE I PODIZANJE JAGODICA, PODIZANJE OBRVA, UKLANJANJE BORA,MODELIRANJE KONTURA&hellip;<\/div><\/div>\t<\/div>\r\n<\/article>\r\n<\/div>\t\t<div class=\"g-loadmore\">\r\n\t\t\t<div class=\"g-preloader type_3\">\r\n\t\t\t\t<div><\/div>\r\n\t\t\t<\/div>\r\n\t\t\t<a class=\"w-btn us-btn-style_1\" href=\"javascript:void(0)\">\r\n\t\t\t\t<span class=\"w-btn-label\">\u041f\u043e\u043a\u0430\u0437\u0430\u0442\u044c \u0415\u0449\u0435<\/span>\r\n\t\t\t<\/a>\r\n\t\t<\/div>\r\n\t\t\t<div class=\"w-grid-json hidden\" onclick='return {&quot;ajax_url&quot;:&quot;https:\\\/\\\/premiumclinic.rs\\\/wp-admin\\\/admin-ajax.php&quot;,&quot;permalink_url&quot;:&quot;https:\\\/\\\/premiumclinic.rs\\\/ru\\\/portfolio\\\/pink-lips\\\/&quot;,&quot;action&quot;:&quot;us_ajax_grid&quot;,&quot;max_num_pages&quot;:3,&quot;infinite_scroll&quot;:true,&quot;template_vars&quot;:{&quot;query_args&quot;:{&quot;post_type&quot;:[&quot;us_portfolio&quot;],&quot;tax_query&quot;:[{&quot;taxonomy&quot;:&quot;us_portfolio_category&quot;,&quot;field&quot;:&quot;slug&quot;,&quot;terms&quot;:[&quot;branding&quot;,&quot;mobile-apps&quot;,&quot;web-design&quot;]}],&quot;post_status&quot;:[&quot;publish&quot;,&quot;acf-disabled&quot;],&quot;orderby&quot;:{&quot;date&quot;:&quot;DESC&quot;},&quot;posts_per_page&quot;:&quot;6&quot;},&quot;post_id&quot;:26,&quot;us_grid_index&quot;:1,&quot;us_grid_ajax_index&quot;:1,&quot;exclude_items&quot;:&quot;none&quot;,&quot;items_offset&quot;:&quot;1&quot;,&quot;items_layout&quot;:&quot;4404&quot;,&quot;type&quot;:&quot;metro&quot;,&quot;columns&quot;:&quot;2&quot;,&quot;img_size&quot;:&quot;full&quot;,&quot;overriding_link&quot;:&quot;post&quot;}}'><\/div>\r\n<\/div><\/div><\/div><\/div><\/div><\/div><\/section>\n","protected":false},"excerpt":{"rendered":"","protected":false},"author":1,"featured_media":0,"parent":0,"menu_order":0,"comment_status":"closed","ping_status":"closed","template":"","meta":{"_acf_changed":false,"_editorskit_title_hidden":false,"_editorskit_reading_time":0,"_editorskit_is_block_options_detached":false,"_editorskit_block_options_position":"{}","_lmt_disableupdate":"","_lmt_disable":"","ngg_post_thumbnail":0,"footnotes":""},"categories":[],"tags":[],"class_list":["post-26","page","type-page","status-publish","hentry"],"acf":[],"yoast_head":"<!-- This site is optimized with the Yoast SEO plugin v26.1.1 - https:\/\/yoast.com\/wordpress\/plugins\/seo\/ -->\n<title>Portfolio - Premium Clinic Beograd<\/title>\n<meta name=\"robots\" content=\"index, follow, max-snippet:-1, max-image-preview:large, max-video-preview:-1\" \/>\n<link rel=\"canonical\" href=\"https:\/\/premiumclinic.rs\/ru\/\" \/>\n<meta property=\"og:locale\" content=\"ru_RU\" \/>\n<meta property=\"og:type\" content=\"article\" \/>\n<meta property=\"og:title\" content=\"Portfolio - Premium Clinic Beograd\" \/>\n<meta property=\"og:url\" content=\"https:\/\/premiumclinic.rs\/ru\/\" \/>\n<meta property=\"og:site_name\" content=\"Premium Clinic Beograd\" \/>\n<meta name=\"twitter:card\" content=\"summary_large_image\" \/>\n<script type=\"application\/ld+json\" class=\"yoast-schema-graph\">{\"@context\":\"https:\/\/schema.org\",\"@graph\":[{\"@type\":\"WebPage\",\"@id\":\"https:\/\/premiumclinic.rs\/\",\"url\":\"https:\/\/premiumclinic.rs\/\",\"name\":\"Portfolio - Premium Clinic Beograd\",\"isPartOf\":{\"@id\":\"https:\/\/premiumclinic.rs\/#website\"},\"datePublished\":\"2015-06-09T14:42:26+00:00\",\"breadcrumb\":{\"@id\":\"https:\/\/premiumclinic.rs\/#breadcrumb\"},\"inLanguage\":\"ru-RU\",\"potentialAction\":[{\"@type\":\"ReadAction\",\"target\":[\"https:\/\/premiumclinic.rs\/\"]}]},{\"@type\":\"BreadcrumbList\",\"@id\":\"https:\/\/premiumclinic.rs\/#breadcrumb\",\"itemListElement\":[{\"@type\":\"ListItem\",\"position\":1,\"name\":\"Home\",\"item\":\"https:\/\/premiumclinic.rs\/\"},{\"@type\":\"ListItem\",\"position\":2,\"name\":\"Portfolio\"}]},{\"@type\":\"WebSite\",\"@id\":\"https:\/\/premiumclinic.rs\/#website\",\"url\":\"https:\/\/premiumclinic.rs\/\",\"name\":\"Premium Clinic Beograd\",\"description\":\"Specijalisti\u010dka ordinacija za plasti\u010dnu, rekonstruktivnu i estetsku hirurgiju\",\"potentialAction\":[{\"@type\":\"SearchAction\",\"target\":{\"@type\":\"EntryPoint\",\"urlTemplate\":\"https:\/\/premiumclinic.rs\/?s={search_term_string}\"},\"query-input\":{\"@type\":\"PropertyValueSpecification\",\"valueRequired\":true,\"valueName\":\"search_term_string\"}}],\"inLanguage\":\"ru-RU\"}]}<\/script>\n<!-- \/ Yoast SEO plugin. -->","yoast_head_json":{"title":"Portfolio - Premium Clinic Beograd","robots":{"index":"index","follow":"follow","max-snippet":"max-snippet:-1","max-image-preview":"max-image-preview:large","max-video-preview":"max-video-preview:-1"},"canonical":"https:\/\/premiumclinic.rs\/ru\/","og_locale":"ru_RU","og_type":"article","og_title":"Portfolio - Premium Clinic Beograd","og_url":"https:\/\/premiumclinic.rs\/ru\/","og_site_name":"Premium Clinic Beograd","twitter_card":"summary_large_image","schema":{"@context":"https:\/\/schema.org","@graph":[{"@type":"WebPage","@id":"https:\/\/premiumclinic.rs\/","url":"https:\/\/premiumclinic.rs\/","name":"Portfolio - Premium Clinic Beograd","isPartOf":{"@id":"https:\/\/premiumclinic.rs\/#website"},"datePublished":"2015-06-09T14:42:26+00:00","breadcrumb":{"@id":"https:\/\/premiumclinic.rs\/#breadcrumb"},"inLanguage":"ru-RU","potentialAction":[{"@type":"ReadAction","target":["https:\/\/premiumclinic.rs\/"]}]},{"@type":"BreadcrumbList","@id":"https:\/\/premiumclinic.rs\/#breadcrumb","itemListElement":[{"@type":"ListItem","position":1,"name":"Home","item":"https:\/\/premiumclinic.rs\/"},{"@type":"ListItem","position":2,"name":"Portfolio"}]},{"@type":"WebSite","@id":"https:\/\/premiumclinic.rs\/#website","url":"https:\/\/premiumclinic.rs\/","name":"Premium Clinic Beograd","description":"Specijalisti\u010dka ordinacija za plasti\u010dnu, rekonstruktivnu i estetsku hirurgiju","potentialAction":[{"@type":"SearchAction","target":{"@type":"EntryPoint","urlTemplate":"https:\/\/premiumclinic.rs\/?s={search_term_string}"},"query-input":{"@type":"PropertyValueSpecification","valueRequired":true,"valueName":"search_term_string"}}],"inLanguage":"ru-RU"}]}},"_links":{"self":[{"href":"https:\/\/premiumclinic.rs\/ru\/wp-json\/wp\/v2\/pages\/26","targetHints":{"allow":["GET"]}}],"collection":[{"href":"https:\/\/premiumclinic.rs\/ru\/wp-json\/wp\/v2\/pages"}],"about":[{"href":"https:\/\/premiumclinic.rs\/ru\/wp-json\/wp\/v2\/types\/page"}],"author":[{"embeddable":true,"href":"https:\/\/premiumclinic.rs\/ru\/wp-json\/wp\/v2\/users\/1"}],"replies":[{"embeddable":true,"href":"https:\/\/premiumclinic.rs\/ru\/wp-json\/wp\/v2\/comments?post=26"}],"version-history":[{"count":0,"href":"https:\/\/premiumclinic.rs\/ru\/wp-json\/wp\/v2\/pages\/26\/revisions"}],"wp:attachment":[{"href":"https:\/\/premiumclinic.rs\/ru\/wp-json\/wp\/v2\/media?parent=26"}],"wp:term":[{"taxonomy":"category","embeddable":true,"href":"https:\/\/premiumclinic.rs\/ru\/wp-json\/wp\/v2\/categories?post=26"},{"taxonomy":"post_tag","embeddable":true,"href":"https:\/\/premiumclinic.rs\/ru\/wp-json\/wp\/v2\/tags?post=26"}],"curies":[{"name":"wp","href":"https:\/\/api.w.org\/{rel}","templated":true}]}}