{"id":32,"date":"2015-06-09T14:43:10","date_gmt":"2015-06-09T14:43:10","guid":{"rendered":"http:\/\/impreza4.us-themes.com\/?page_id=32"},"modified":"2025-09-10T08:49:42","modified_gmt":"2025-09-10T08:49:42","slug":"kontakt","status":"publish","type":"page","link":"https:\/\/premiumclinic.rs\/ru\/kontakt\/","title":{"rendered":"Kontakt"},"content":{"rendered":"<div class=\"wp-block-columns is-layout-flex wp-container-core-columns-is-layout-9d6595d7 wp-block-columns-is-layout-flex\">\n<div class=\"wp-block-column is-layout-flow wp-block-column-is-layout-flow\" style=\"flex-basis:100%\">\n<div class=\"wp-block-columns are-vertically-aligned-center is-layout-flex wp-container-core-columns-is-layout-9d6595d7 wp-block-columns-is-layout-flex\">\n<div class=\"wp-block-column is-vertically-aligned-center is-layout-flow wp-block-column-is-layout-flow\">\n<p>PREMIUM CLINIC PLASTI\u010cNA HIRURGIJA &#8211; Dr Ga\u010devi\u0107 Milo\u0161 Ga\u010devi\u0107<\/p>\n\n\n\n<p>Bulevar Arsenija \u010carnojevi\u0107a 174 &#8211; Novi Beograd <\/p>\n\n\n\n<p>Radno vreme: sreda i petak od 8 do 16 h<\/p>\n\n\n\n<p>Ponedeljak, utorak  i \u010detvrtak od 13 do 21 h<\/p>\n\n\n\n<p>Vikendom ne radimo<\/p>\n\n\n\n<p>Telefon:  +381 65 272-88-99<\/p>\n\n\n\n<p>E-mail: officepremiumclinic@gmail.com<\/p>\n\n\n\n<p>milospremiumclinic@gmail.com<\/p>\n\n\n\n<p>boskopremiumclinic@gmail.com<\/p>\n\n\n\n<p><\/p>\n\n\n\n<p><\/p>\n<\/div>\n\n\n\n<div class=\"wp-block-column is-layout-flow wp-block-column-is-layout-flow\"><\/div>\n<\/div>\n<\/div>\n<\/div>\n\n\n\n<div style=\"height:40px\" aria-hidden=\"true\" class=\"wp-block-spacer\"><\/div>\n\n\n\n<iframe src=\"https:\/\/www.google.com\/maps\/embed?pb=!1m14!1m8!1m3!1d11319.802601588844!2d20.402173!3d44.82257!3m2!1i1024!2i768!4f13.1!3m3!1m2!1s0x0%3A0x8b19a50358ad2599!2sPREMIUM%20CLINIC%20PLASTICNA%20HIRURGIJA%20Dr%20Gacevic%20Milos!5e0!3m2!1sen!2srs!4v1615073848697!5m2!1sen!2srs\" width=\"600\" height=\"450\" style=\"border:0;\" allowfullscreen=\"\" loading=\"lazy\"><\/iframe>","protected":false},"excerpt":{"rendered":"<p>PREMIUM CLINIC PLASTI\u010cNA HIRURGIJA &#8211; Dr Ga\u010devi\u0107 Milo\u0161 Ga\u010devi\u0107 Bulevar Arsenija \u010carnojevi\u0107a 174 &#8211; Novi Beograd Radno vreme: sreda i petak od 8 do 16 h Ponedeljak, utorak i \u010detvrtak od 13 do 21 h Vikendom ne radimo Telefon: +381 65 272-88-99 E-mail: officepremiumclinic@gmail.com milospremiumclinic@gmail.com boskopremiumclinic@gmail.com<\/p>","protected":false},"author":1,"featured_media":0,"parent":0,"menu_order":0,"comment_status":"closed","ping_status":"closed","template":"","meta":{"_acf_changed":false,"_editorskit_title_hidden":false,"_editorskit_reading_time":0,"_editorskit_is_block_options_detached":false,"_editorskit_block_options_position":"{}","_lmt_disableupdate":"","_lmt_disable":"","ngg_post_thumbnail":0,"footnotes":""},"categories":[],"tags":[],"class_list":["post-32","page","type-page","status-publish","hentry"],"acf":[],"yoast_head":"<!-- This site is optimized with the Yoast SEO plugin v26.1.1 - https:\/\/yoast.com\/wordpress\/plugins\/seo\/ -->\n<title>Kontakt - Premium Clinic Beograd<\/title>\n<meta name=\"description\" content=\"Premium clinic kontakt podaci - e mail office@premiumclinic.rs - broj telefona 065-272-88-99. Ocekujemo Vas poziv!\" \/>\n<meta name=\"robots\" content=\"index, follow, max-snippet:-1, max-image-preview:large, max-video-preview:-1\" \/>\n<link rel=\"canonical\" href=\"https:\/\/premiumclinic.rs\/ru\/kontakt\/\" \/>\n<meta property=\"og:locale\" content=\"ru_RU\" \/>\n<meta property=\"og:type\" content=\"article\" \/>\n<meta property=\"og:title\" content=\"Kontakt - Premium Clinic Beograd\" \/>\n<meta property=\"og:description\" content=\"Premium clinic kontakt podaci - e mail office@premiumclinic.rs - broj telefona 065-272-88-99. Ocekujemo Vas poziv!\" \/>\n<meta property=\"og:url\" content=\"https:\/\/premiumclinic.rs\/ru\/kontakt\/\" \/>\n<meta property=\"og:site_name\" content=\"Premium Clinic Beograd\" \/>\n<meta property=\"article:modified_time\" content=\"2025-09-10T08:49:42+00:00\" \/>\n<meta name=\"twitter:card\" content=\"summary_large_image\" \/>\n<meta name=\"twitter:label1\" content=\"\u041f\u0440\u0438\u043c\u0435\u0440\u043d\u043e\u0435 \u0432\u0440\u0435\u043c\u044f \u0434\u043b\u044f \u0447\u0442\u0435\u043d\u0438\u044f\" \/>\n\t<meta name=\"twitter:data1\" content=\"1 \u043c\u0438\u043d\u0443\u0442\u0430\" \/>\n<script type=\"application\/ld+json\" class=\"yoast-schema-graph\">{\"@context\":\"https:\/\/schema.org\",\"@graph\":[{\"@type\":\"WebPage\",\"@id\":\"https:\/\/premiumclinic.rs\/kontakt\/\",\"url\":\"https:\/\/premiumclinic.rs\/kontakt\/\",\"name\":\"Kontakt - Premium Clinic Beograd\",\"isPartOf\":{\"@id\":\"https:\/\/premiumclinic.rs\/#website\"},\"datePublished\":\"2015-06-09T14:43:10+00:00\",\"dateModified\":\"2025-09-10T08:49:42+00:00\",\"description\":\"Premium clinic kontakt podaci - e mail office@premiumclinic.rs - broj telefona 065-272-88-99. Ocekujemo Vas poziv!\",\"breadcrumb\":{\"@id\":\"https:\/\/premiumclinic.rs\/kontakt\/#breadcrumb\"},\"inLanguage\":\"ru-RU\",\"potentialAction\":[{\"@type\":\"ReadAction\",\"target\":[\"https:\/\/premiumclinic.rs\/kontakt\/\"]}]},{\"@type\":\"BreadcrumbList\",\"@id\":\"https:\/\/premiumclinic.rs\/kontakt\/#breadcrumb\",\"itemListElement\":[{\"@type\":\"ListItem\",\"position\":1,\"name\":\"Home\",\"item\":\"https:\/\/premiumclinic.rs\/\"},{\"@type\":\"ListItem\",\"position\":2,\"name\":\"Kontakt\"}]},{\"@type\":\"WebSite\",\"@id\":\"https:\/\/premiumclinic.rs\/#website\",\"url\":\"https:\/\/premiumclinic.rs\/\",\"name\":\"Premium Clinic Beograd\",\"description\":\"Specijalisti\u010dka ordinacija za plasti\u010dnu, rekonstruktivnu i estetsku hirurgiju\",\"potentialAction\":[{\"@type\":\"SearchAction\",\"target\":{\"@type\":\"EntryPoint\",\"urlTemplate\":\"https:\/\/premiumclinic.rs\/?s={search_term_string}\"},\"query-input\":{\"@type\":\"PropertyValueSpecification\",\"valueRequired\":true,\"valueName\":\"search_term_string\"}}],\"inLanguage\":\"ru-RU\"}]}<\/script>\n<!-- \/ Yoast SEO plugin. -->","yoast_head_json":{"title":"Kontakt - Premium Clinic Beograd","description":"Premium clinic kontakt podaci - e mail office@premiumclinic.rs - broj telefona 065-272-88-99. Ocekujemo Vas poziv!","robots":{"index":"index","follow":"follow","max-snippet":"max-snippet:-1","max-image-preview":"max-image-preview:large","max-video-preview":"max-video-preview:-1"},"canonical":"https:\/\/premiumclinic.rs\/ru\/kontakt\/","og_locale":"ru_RU","og_type":"article","og_title":"Kontakt - Premium Clinic Beograd","og_description":"Premium clinic kontakt podaci - e mail office@premiumclinic.rs - broj telefona 065-272-88-99. Ocekujemo Vas poziv!","og_url":"https:\/\/premiumclinic.rs\/ru\/kontakt\/","og_site_name":"Premium Clinic Beograd","article_modified_time":"2025-09-10T08:49:42+00:00","twitter_card":"summary_large_image","twitter_misc":{"\u041f\u0440\u0438\u043c\u0435\u0440\u043d\u043e\u0435 \u0432\u0440\u0435\u043c\u044f \u0434\u043b\u044f \u0447\u0442\u0435\u043d\u0438\u044f":"1 \u043c\u0438\u043d\u0443\u0442\u0430"},"schema":{"@context":"https:\/\/schema.org","@graph":[{"@type":"WebPage","@id":"https:\/\/premiumclinic.rs\/kontakt\/","url":"https:\/\/premiumclinic.rs\/kontakt\/","name":"Kontakt - Premium Clinic Beograd","isPartOf":{"@id":"https:\/\/premiumclinic.rs\/#website"},"datePublished":"2015-06-09T14:43:10+00:00","dateModified":"2025-09-10T08:49:42+00:00","description":"Premium clinic kontakt podaci - e mail office@premiumclinic.rs - broj telefona 065-272-88-99. Ocekujemo Vas poziv!","breadcrumb":{"@id":"https:\/\/premiumclinic.rs\/kontakt\/#breadcrumb"},"inLanguage":"ru-RU","potentialAction":[{"@type":"ReadAction","target":["https:\/\/premiumclinic.rs\/kontakt\/"]}]},{"@type":"BreadcrumbList","@id":"https:\/\/premiumclinic.rs\/kontakt\/#breadcrumb","itemListElement":[{"@type":"ListItem","position":1,"name":"Home","item":"https:\/\/premiumclinic.rs\/"},{"@type":"ListItem","position":2,"name":"Kontakt"}]},{"@type":"WebSite","@id":"https:\/\/premiumclinic.rs\/#website","url":"https:\/\/premiumclinic.rs\/","name":"Premium Clinic Beograd","description":"Specijalisti\u010dka ordinacija za plasti\u010dnu, rekonstruktivnu i estetsku hirurgiju","potentialAction":[{"@type":"SearchAction","target":{"@type":"EntryPoint","urlTemplate":"https:\/\/premiumclinic.rs\/?s={search_term_string}"},"query-input":{"@type":"PropertyValueSpecification","valueRequired":true,"valueName":"search_term_string"}}],"inLanguage":"ru-RU"}]}},"_links":{"self":[{"href":"https:\/\/premiumclinic.rs\/ru\/wp-json\/wp\/v2\/pages\/32","targetHints":{"allow":["GET"]}}],"collection":[{"href":"https:\/\/premiumclinic.rs\/ru\/wp-json\/wp\/v2\/pages"}],"about":[{"href":"https:\/\/premiumclinic.rs\/ru\/wp-json\/wp\/v2\/types\/page"}],"author":[{"embeddable":true,"href":"https:\/\/premiumclinic.rs\/ru\/wp-json\/wp\/v2\/users\/1"}],"replies":[{"embeddable":true,"href":"https:\/\/premiumclinic.rs\/ru\/wp-json\/wp\/v2\/comments?post=32"}],"version-history":[{"count":10,"href":"https:\/\/premiumclinic.rs\/ru\/wp-json\/wp\/v2\/pages\/32\/revisions"}],"predecessor-version":[{"id":7524,"href":"https:\/\/premiumclinic.rs\/ru\/wp-json\/wp\/v2\/pages\/32\/revisions\/7524"}],"wp:attachment":[{"href":"https:\/\/premiumclinic.rs\/ru\/wp-json\/wp\/v2\/media?parent=32"}],"wp:term":[{"taxonomy":"category","embeddable":true,"href":"https:\/\/premiumclinic.rs\/ru\/wp-json\/wp\/v2\/categories?post=32"},{"taxonomy":"post_tag","embeddable":true,"href":"https:\/\/premiumclinic.rs\/ru\/wp-json\/wp\/v2\/tags?post=32"}],"curies":[{"name":"wp","href":"https:\/\/api.w.org\/{rel}","templated":true}]}}