{"id":4518,"date":"2019-10-31T16:30:23","date_gmt":"2019-10-31T16:30:23","guid":{"rendered":"http:\/\/impreza4.us-themes.com\/?page_id=4518"},"modified":"2025-10-27T17:36:51","modified_gmt":"2025-10-27T17:36:51","slug":"o-nama","status":"publish","type":"page","link":"https:\/\/premiumclinic.rs\/ru\/o-nama\/","title":{"rendered":"O nama"},"content":{"rendered":"<p><strong>PREMIUM CLINIC<\/strong> je specijalisti\u010dka ordinacija za plasti\u010dnu, rekonstruktivnu i estetsku<br>hirurgiju, kao i za sve vrste neinvazivnih intervencija i tretmana za podmla\u0111ivanje i<br>oblikovanje lica i tela.<\/p>\n\n\n\n<div style=\"height:25px\" aria-hidden=\"true\" class=\"wp-block-spacer\"><\/div>\n\n\n\n<figure class=\"wp-block-image size-large\"><img loading=\"lazy\" decoding=\"async\" width=\"1024\" height=\"683\" src=\"http:\/\/premiumclinic.rs\/wp-content\/uploads\/2023\/06\/Prijem-11-1024x683.jpg\" alt=\"\" class=\"wp-image-6637\" srcset=\"https:\/\/premiumclinic.rs\/wp-content\/uploads\/2023\/06\/Prijem-11-1024x683.jpg 1024w, https:\/\/premiumclinic.rs\/wp-content\/uploads\/2023\/06\/Prijem-11-400x267.jpg 400w, https:\/\/premiumclinic.rs\/wp-content\/uploads\/2023\/06\/Prijem-11-150x100.jpg 150w, https:\/\/premiumclinic.rs\/wp-content\/uploads\/2023\/06\/Prijem-11.jpg 1350w\" sizes=\"auto, (max-width: 1024px) 100vw, 1024px\" \/><\/figure>\n\n\n\n<p>U novom, funkcionalanom i prijatnom prostoru PREMIUM CLINIC na Novom Beogradu,<br>obavljaju se konsultativni razgovori sa pacijentima i rade operacije i intervencije koje ne<br>zahtevaju op\u0161tu anesteziju.<\/p>\n\n\n\n<div class=\"wp-block-group\"><div class=\"wp-block-group__inner-container is-layout-flow wp-block-group-is-layout-flow\">\n<p>\u010clanovi PREMIUM TIMA svojom stru\u010dno\u0161\u0107u, iskustvom i posve\u0107eno\u0161\u0107u poslu, spremni<br>su da odgovore na sva va\u0161a pitanja i iza\u0111u u susret svim \u017eeljama i zahtevima koji su<br>medicinski opravdani. Va\u0161a bezbednost je za nas na prvom mestu, a Va\u0161e<br>zadovoljstvo rezultatima ono \u0161to nas ispunjava ponosom i zadovoljstvom.<\/p>\n\n\n\n<p><\/p>\n<\/div><\/div>\n\n\n\n<figure class=\"wp-block-image size-large\"><img loading=\"lazy\" decoding=\"async\" width=\"1024\" height=\"680\" src=\"http:\/\/premiumclinic.rs\/wp-content\/uploads\/2023\/06\/Sala-10-1024x680.jpg\" alt=\"\" class=\"wp-image-6638\" srcset=\"https:\/\/premiumclinic.rs\/wp-content\/uploads\/2023\/06\/Sala-10-1024x680.jpg 1024w, https:\/\/premiumclinic.rs\/wp-content\/uploads\/2023\/06\/Sala-10-400x265.jpg 400w, https:\/\/premiumclinic.rs\/wp-content\/uploads\/2023\/06\/Sala-10-150x100.jpg 150w, https:\/\/premiumclinic.rs\/wp-content\/uploads\/2023\/06\/Sala-10.jpg 1350w\" sizes=\"auto, (max-width: 1024px) 100vw, 1024px\" \/><\/figure>\n\n\n\n<p>\u010clanovi PREMIUM TIMA:<\/p>\n\n\n\n<p><br>\u2013 <strong><a href=\"https:\/\/www.instagram.com\/dr_milos_gacevic\/?hl=en\" target=\"_blank\" rel=\"noreferrer noopener\">Dr MILO\u0160 GA\u010cEVI\u0106<\/a><\/strong>, specijalista plasti\u010dne, rekonstruktivne i estetske hirurgije<br>Dr Milo\u0161 Ga\u010devi\u0107 je u <strong>PREMIUM CLINIC<\/strong> ugradio svoje vi\u0161egodi\u0161nje iskustvo koje je<br>sticao na specijalisti\u010dkim studijama na Vojno-medicinskoj akademiji u Beogradu, i nakon<br>toga, radom u vi\u0161e presti\u017enih bolnica i klinika za estetsku hirurgiju i antiejd\u017eing.<\/p>\n\n\n<div class=\"wp-block-image\">\n<figure class=\"aligncenter size-large is-resized\"><img loading=\"lazy\" decoding=\"async\" width=\"1024\" height=\"768\" src=\"https:\/\/premiumclinic.rs\/wp-content\/uploads\/2024\/03\/UD4A1902-1024x768.jpeg\" alt=\"\" class=\"wp-image-6967\" style=\"width:-40px;height:-29px\" srcset=\"https:\/\/premiumclinic.rs\/wp-content\/uploads\/2024\/03\/UD4A1902-1024x768.jpeg 1024w, https:\/\/premiumclinic.rs\/wp-content\/uploads\/2024\/03\/UD4A1902-400x300.jpeg 400w, https:\/\/premiumclinic.rs\/wp-content\/uploads\/2024\/03\/UD4A1902-150x113.jpeg 150w, https:\/\/premiumclinic.rs\/wp-content\/uploads\/2024\/03\/UD4A1902-1536x1152.jpeg 1536w, https:\/\/premiumclinic.rs\/wp-content\/uploads\/2024\/03\/UD4A1902-2048x1536.jpeg 2048w\" sizes=\"auto, (max-width: 1024px) 100vw, 1024px\" \/><figcaption class=\"wp-element-caption\"><strong>Dr Milo\u0161 Ga\u010devi\u0107<\/strong> &#8211; SPECIJALISTA PLASTI\u010cNE, ESTETSKE I REKONSTRUKTIVNE HIRURGIJE<\/figcaption><\/figure><\/div>\n\n\n<div style=\"height:25px\" aria-hidden=\"true\" class=\"wp-block-spacer\"><\/div>\n\n\n\n<p>AKADEMSKA KARIJERA:<\/p>\n\n\n\n<ul class=\"wp-block-list\">\n<li> Osnovna \u0161kola i gimnazija \u2013 Pljevlja;<\/li>\n\n\n\n<li> Medicinski fakultet \u2013 Kragujevac, 2010;<\/li>\n\n\n\n<li> Specijalizacija plasti\u010dne, rekonstruktivne i estetske hirurgije na VMA , Beograd 2016;<\/li>\n\n\n\n<li> Doktorant postdiplomskih studija, smer eksperimentalna hirurgija.<\/li>\n<\/ul>\n\n\n\n<p>PROFESIONALNA KARIJERA:<\/p>\n\n\n\n<ul class=\"wp-block-list\">\n<li> Klinika za plasti\u010dnu i rekonstruktivnu hirurgiju VMA, Beograd 2010 \u2013 2016;<\/li>\n\n\n\n<li> Klinika \u201cNovi Cenex Medical\u201d , Podgorica,&nbsp;od 2016;<\/li>\n\n\n\n<li> Hirur\u0161ka bolnica \u201cAtlas\u201d, Beograd;<\/li>\n\n\n\n<li> Bolnica \u201cUna\u201d, Beograd;<\/li>\n\n\n\n<li> Klinika \u201cRea Medica\u201d, Beograd;<\/li>\n\n\n\n<li> Bolnica \u201cMedical centar\u201d, Budva;<\/li>\n\n\n\n<li> Osniva \u201cPREMIUM CLINIC\u201d, 2019. godine.<\/li>\n<\/ul>\n\n\n\n<p>STRU\u010cNA USAVR\u0160AVANJA:<\/p>\n\n\n\n<p><br>Dr Milo\u0161 Ga\u010devi\u0107 redovni je u\u010desnik najzna\u010dajnih svetskih kongresa i stru\u010dnih skupova<br>iz oblasti estetske hirurgije i antiejd\u017einga.<\/p>\n\n\n\n<ul class=\"wp-block-list\">\n<li>internacionalni kongres IMCAS, Pariz 2017;<\/li>\n\n\n\n<li>internacionalni kongres AMWC,&nbsp; Monako 2017;<\/li>\n\n\n\n<li>internacionalni kongres IMCAS, Pariz 2018;<\/li>\n\n\n\n<li>internacionalni kongres AMWC, Monako 2018;<\/li>\n\n\n\n<li>usavr\u0161avanje iz oblasti estetske operacije grudi na \u201cHospital Akademikliniken\u201d u Stokholmu, kod dr Per Hedena, 2019; <\/li>\n\n\n\n<li>usavr\u0161avanje iz oblasti estetske rinoplastike na \u201cIstanbul Live Surgery Rhinoplasty\u201d, koji su vodili dr Nazim Cerkez i dr Baris Cakir, Istanbul 2019;<\/li>\n\n\n\n<li>Internacionalni kongres plasti\u010dne hirurgije \u2013 ISAPS&nbsp;u Sankt Peterburgu, 2019.<\/li>\n<\/ul>\n\n\n\n<p>\u010cLANSTVO U STRU\u010cNIM ORGANIZACIJAMA:<\/p>\n\n\n\n<ul class=\"wp-block-list\">\n<li> Udru\u017eenje za plasti\u010dnu, rekonstruktivnu i estetsku hirurgije Srbije \u2013 SRBPRAS;<\/li>\n\n\n\n<li> Balkansko udru\u017eenje za plasti\u010dnu, rekonstruktivnu i estetsku hirurgije \u2013 BAPRAS;<\/li>\n\n\n\n<li> Udru\u017eenje interdisciplinarne estetske i antejd\u017eing medicine Srbije \u2013 SESIAM.<\/li>\n<\/ul>\n\n\n\n<div style=\"height:234px\" aria-hidden=\"true\" class=\"wp-block-spacer\"><\/div>\n\n\n\n<figure class=\"wp-block-image size-large is-resized\"><img loading=\"lazy\" decoding=\"async\" width=\"768\" height=\"1024\" src=\"http:\/\/premiumclinic.rs\/wp-content\/uploads\/2023\/06\/IMG_9523-768x1024.jpg\" alt=\"\" class=\"wp-image-6631\" style=\"aspect-ratio:0.7486437613019892;width:449px;height:auto\" srcset=\"https:\/\/premiumclinic.rs\/wp-content\/uploads\/2023\/06\/IMG_9523-768x1024.jpg 768w, https:\/\/premiumclinic.rs\/wp-content\/uploads\/2023\/06\/IMG_9523-300x400.jpg 300w, https:\/\/premiumclinic.rs\/wp-content\/uploads\/2023\/06\/IMG_9523-113x150.jpg 113w, https:\/\/premiumclinic.rs\/wp-content\/uploads\/2023\/06\/IMG_9523-1152x1536.jpg 1152w, https:\/\/premiumclinic.rs\/wp-content\/uploads\/2023\/06\/IMG_9523-1536x2048.jpg 1536w, https:\/\/premiumclinic.rs\/wp-content\/uploads\/2023\/06\/IMG_9523-scaled.jpg 1920w\" sizes=\"auto, (max-width: 768px) 100vw, 768px\" \/><\/figure>\n\n\n\n<p><strong>Dr Vladan Ga\u010devi\u0107<\/strong> &#8211; specijalizant plasti\u010dne, estetske i rekonstruktivne hirurgije<\/p>\n\n\n\n<p>Osnovna \u0161kola Pljevlja Crna Gora<\/p>\n\n\n\n<p>15. Beogradska gimnazija <\/p>\n\n\n\n<p>Sta\u017e: Klini\u010dki centar Srbije<\/p>\n\n\n\n<p>PREMIUM CLINIC od 2022.godine<\/p>\n\n\n\n<p>Specijalizant plasti\u010dne estetske i rekonstruktivne hirurgije od 2023.godine<\/p>\n\n\n\n<figure class=\"wp-block-image size-large is-resized\"><img loading=\"lazy\" decoding=\"async\" width=\"768\" height=\"1024\" src=\"http:\/\/premiumclinic.rs\/wp-content\/uploads\/2023\/06\/IMG_9525-768x1024.jpg\" alt=\"\" class=\"wp-image-6632\" style=\"width:470px;height:auto\" srcset=\"https:\/\/premiumclinic.rs\/wp-content\/uploads\/2023\/06\/IMG_9525-768x1024.jpg 768w, https:\/\/premiumclinic.rs\/wp-content\/uploads\/2023\/06\/IMG_9525-300x400.jpg 300w, https:\/\/premiumclinic.rs\/wp-content\/uploads\/2023\/06\/IMG_9525-113x150.jpg 113w, https:\/\/premiumclinic.rs\/wp-content\/uploads\/2023\/06\/IMG_9525-1152x1536.jpg 1152w, https:\/\/premiumclinic.rs\/wp-content\/uploads\/2023\/06\/IMG_9525-1536x2048.jpg 1536w, https:\/\/premiumclinic.rs\/wp-content\/uploads\/2023\/06\/IMG_9525-scaled.jpg 1920w\" sizes=\"auto, (max-width: 768px) 100vw, 768px\" \/><\/figure>\n\n\n\n<p><strong>Direktor Bo\u0161ko Ga\u010devi\u0107 &#8211; diplomirani ekonomista<\/strong><\/p>\n\n\n\n<p>Akademska karijera:<\/p>\n\n\n\n<p>-Osnovna i srednja \u0161kola Pljevlja<\/p>\n\n\n\n<p>-Ekonomski fakultet Kragujevac 2010.<\/p>\n\n\n\n<p>Profesionalna karijera:<\/p>\n\n\n\n<p>-Triglav osiguranje 2010-2012<\/p>\n\n\n\n<p>-Deco doo 2013-2019<\/p>\n\n\n\n<p>-Go\u0161a AD 2019-2020<\/p>\n\n\n\n<p>-Premium clinic od 2020.<\/p>\n\n\n\n<div style=\"height:65px\" aria-hidden=\"true\" class=\"wp-block-spacer\"><\/div>\n\n\n\n<p><\/p>\n\n\n\n<figure class=\"wp-block-image size-large is-resized\"><img loading=\"lazy\" decoding=\"async\" width=\"768\" height=\"1024\" src=\"https:\/\/premiumclinic.rs\/wp-content\/uploads\/2025\/10\/b4d2bdea-bd94-417b-8f3b-4903b89a2cf3-768x1024.jpg\" alt=\"\" class=\"wp-image-7569\" style=\"aspect-ratio:0.750445632798574;width:453px;height:auto\" srcset=\"https:\/\/premiumclinic.rs\/wp-content\/uploads\/2025\/10\/b4d2bdea-bd94-417b-8f3b-4903b89a2cf3-768x1024.jpg 768w, https:\/\/premiumclinic.rs\/wp-content\/uploads\/2025\/10\/b4d2bdea-bd94-417b-8f3b-4903b89a2cf3-300x400.jpg 300w, https:\/\/premiumclinic.rs\/wp-content\/uploads\/2025\/10\/b4d2bdea-bd94-417b-8f3b-4903b89a2cf3-113x150.jpg 113w, https:\/\/premiumclinic.rs\/wp-content\/uploads\/2025\/10\/b4d2bdea-bd94-417b-8f3b-4903b89a2cf3-1152x1536.jpg 1152w, https:\/\/premiumclinic.rs\/wp-content\/uploads\/2025\/10\/b4d2bdea-bd94-417b-8f3b-4903b89a2cf3.jpg 1200w\" sizes=\"auto, (max-width: 768px) 100vw, 768px\" \/><\/figure>\n\n\n\n<p><strong>Medicinska sestra &#8211; Marina A\u0161\u0107eri\u0107<\/strong><\/p>\n\n\n\n<p>Karijera:<\/p>\n\n\n\n<p>Osnovna \u0161kola Beograd<\/p>\n\n\n\n<p>Srednja medicinska \u0161kola Zvezdara<\/p>\n\n\n\n<p>Visoka zdravsvena \u0161kola strukovnih studija Beograd<\/p>\n\n\n\n<p>Profesionalna karijera&nbsp;<\/p>\n\n\n\n<p>Sta\u017e DZ Zvezdara 2020.<\/p>\n\n\n\n<p>Klini\u010dki centar Srbije klinika za endokrinologiju, dijabetes i bolesti metabolizma 2020.<\/p>\n\n\n\n<p>PREMIUM CLINIC od 2021<\/p>\n\n\n\n<div style=\"height:100px\" aria-hidden=\"true\" class=\"wp-block-spacer\"><\/div>\n\n\n\n<p><\/p>\n\n\n\n<p><\/p>\n\n\n\n<p><\/p>\n\n\n\n<p><\/p>\n\n\n\n<figure class=\"wp-block-image size-large is-resized\"><img loading=\"lazy\" decoding=\"async\" width=\"768\" height=\"1024\" src=\"https:\/\/premiumclinic.rs\/wp-content\/uploads\/2024\/03\/UD4A1865-768x1024.jpeg\" alt=\"\" class=\"wp-image-6961\" style=\"width:379px;height:505px\" srcset=\"https:\/\/premiumclinic.rs\/wp-content\/uploads\/2024\/03\/UD4A1865-768x1024.jpeg 768w, https:\/\/premiumclinic.rs\/wp-content\/uploads\/2024\/03\/UD4A1865-300x400.jpeg 300w, https:\/\/premiumclinic.rs\/wp-content\/uploads\/2024\/03\/UD4A1865-113x150.jpeg 113w, https:\/\/premiumclinic.rs\/wp-content\/uploads\/2024\/03\/UD4A1865-1152x1536.jpeg 1152w, https:\/\/premiumclinic.rs\/wp-content\/uploads\/2024\/03\/UD4A1865-1536x2048.jpeg 1536w, https:\/\/premiumclinic.rs\/wp-content\/uploads\/2024\/03\/UD4A1865-scaled.jpeg 1920w\" sizes=\"auto, (max-width: 768px) 100vw, 768px\" \/><\/figure>\n\n\n\n<p><strong>Medicinska sestra &#8211; Milena Jankovi\u0107<\/strong><\/p>\n\n\n\n<p>Karijera:<\/p>\n\n\n\n<p>Osnovna \u0161kola Nikola Skobalji\u0107 Veliko Trnjane<\/p>\n\n\n\n<p>Medicinska \u0161kola &#8211; Leskovac<\/p>\n\n\n\n<p>Profesionalna karijera:<\/p>\n\n\n\n<p>Sta\u017e &#8211; Op\u0161ta bolnica Leskovac <\/p>\n\n\n\n<p>DZ VIP Medical <\/p>\n\n\n\n<p>PREMIUM CLINIC 2023.<\/p>\n\n\n\n<figure class=\"wp-block-image size-large is-resized\"><img loading=\"lazy\" decoding=\"async\" width=\"768\" height=\"1024\" src=\"https:\/\/premiumclinic.rs\/wp-content\/uploads\/2025\/10\/d2764e43-9436-48f3-85f9-3d0b7170becf-768x1024.jpg\" alt=\"\" class=\"wp-image-7571\" style=\"width:389px;height:auto\" srcset=\"https:\/\/premiumclinic.rs\/wp-content\/uploads\/2025\/10\/d2764e43-9436-48f3-85f9-3d0b7170becf-768x1024.jpg 768w, https:\/\/premiumclinic.rs\/wp-content\/uploads\/2025\/10\/d2764e43-9436-48f3-85f9-3d0b7170becf-300x400.jpg 300w, https:\/\/premiumclinic.rs\/wp-content\/uploads\/2025\/10\/d2764e43-9436-48f3-85f9-3d0b7170becf-113x150.jpg 113w, https:\/\/premiumclinic.rs\/wp-content\/uploads\/2025\/10\/d2764e43-9436-48f3-85f9-3d0b7170becf-1152x1536.jpg 1152w, https:\/\/premiumclinic.rs\/wp-content\/uploads\/2025\/10\/d2764e43-9436-48f3-85f9-3d0b7170becf.jpg 1200w\" sizes=\"auto, (max-width: 768px) 100vw, 768px\" \/><\/figure>\n\n\n\n<p><strong>Medicinska sestra &#8211; Nevena Maljkovi\u0107<\/strong><\/p>\n\n\n\n<p>Osnovna \u0161kola Vuk Karadzi\u0107 Sur\u010din<\/p>\n\n\n\n<p>Karijera:<\/p>\n\n\n\n<p>Medicinska \u0161kola Nade\u017eda Petrovi\u0107 Zemun<\/p>\n\n\n\n<p>Profesionalna karijera:<\/p>\n\n\n\n<p>KBC Be\u017eanijska Kosa<\/p>\n\n\n\n<p>DZ Jedro Medigroup<\/p>\n\n\n\n<p>PREMIUM CLINIC 2025.<\/p>\n\n\n\n<p><\/p>\n\n\n\n<p><\/p>","protected":false},"excerpt":{"rendered":"<p>PREMIUM CLINIC je specijalisti\u010dka ordinacija za plasti\u010dnu, rekonstruktivnu i estetskuhirurgiju, kao i za sve vrste neinvazivnih intervencija i tretmana za podmla\u0111ivanje ioblikovanje lica i tela. U novom, funkcionalanom i prijatnom prostoru PREMIUM CLINIC na Novom Beogradu,obavljaju se konsultativni razgovori sa pacijentima i rade operacije i intervencije koje nezahtevaju op\u0161tu anesteziju. \u010clanovi PREMIUM TIMA svojom stru\u010dno\u0161\u0107u,&#8230;<\/p>","protected":false},"author":1,"featured_media":0,"parent":0,"menu_order":0,"comment_status":"closed","ping_status":"closed","template":"","meta":{"_acf_changed":false,"_editorskit_title_hidden":false,"_editorskit_reading_time":0,"_editorskit_is_block_options_detached":false,"_editorskit_block_options_position":"{}","_lmt_disableupdate":"","_lmt_disable":"","ngg_post_thumbnail":0,"footnotes":""},"categories":[],"tags":[],"class_list":["post-4518","page","type-page","status-publish","hentry"],"acf":[],"yoast_head":"<!-- This site is optimized with the Yoast SEO plugin v26.1.1 - https:\/\/yoast.com\/wordpress\/plugins\/seo\/ -->\n<title>O nama - Premium Clinic Beograd<\/title>\n<meta name=\"description\" content=\"PREMIUM CLINIC je specijalisti\u010dka ordinacija za plasti\u010dnu, rekonstruktivnu i estetsku hirurgiju, za sve vrste neinvazivnih intervencija i tretmana.\" \/>\n<meta name=\"robots\" content=\"index, follow, max-snippet:-1, max-image-preview:large, max-video-preview:-1\" \/>\n<link rel=\"canonical\" href=\"https:\/\/premiumclinic.rs\/ru\/o-nama\/\" \/>\n<meta property=\"og:locale\" content=\"ru_RU\" \/>\n<meta property=\"og:type\" content=\"article\" \/>\n<meta property=\"og:title\" content=\"O nama - Premium Clinic Beograd\" \/>\n<meta property=\"og:description\" content=\"PREMIUM CLINIC je specijalisti\u010dka ordinacija za plasti\u010dnu, rekonstruktivnu i estetsku hirurgiju, za sve vrste neinvazivnih intervencija i tretmana.\" \/>\n<meta property=\"og:url\" content=\"https:\/\/premiumclinic.rs\/ru\/o-nama\/\" \/>\n<meta property=\"og:site_name\" content=\"Premium Clinic Beograd\" \/>\n<meta property=\"article:modified_time\" content=\"2025-10-27T17:36:51+00:00\" \/>\n<meta property=\"og:image\" content=\"http:\/\/premiumclinic.rs\/wp-content\/uploads\/2023\/06\/Prijem-11-1024x683.jpg\" \/>\n<meta name=\"twitter:card\" content=\"summary_large_image\" \/>\n<meta name=\"twitter:label1\" content=\"\u041f\u0440\u0438\u043c\u0435\u0440\u043d\u043e\u0435 \u0432\u0440\u0435\u043c\u044f \u0434\u043b\u044f \u0447\u0442\u0435\u043d\u0438\u044f\" \/>\n\t<meta name=\"twitter:data1\" content=\"4 \u043c\u0438\u043d\u0443\u0442\u044b\" \/>\n<script type=\"application\/ld+json\" class=\"yoast-schema-graph\">{\"@context\":\"https:\/\/schema.org\",\"@graph\":[{\"@type\":\"WebPage\",\"@id\":\"https:\/\/premiumclinic.rs\/o-nama\/\",\"url\":\"https:\/\/premiumclinic.rs\/o-nama\/\",\"name\":\"O nama - Premium Clinic Beograd\",\"isPartOf\":{\"@id\":\"https:\/\/premiumclinic.rs\/#website\"},\"primaryImageOfPage\":{\"@id\":\"https:\/\/premiumclinic.rs\/o-nama\/#primaryimage\"},\"image\":{\"@id\":\"https:\/\/premiumclinic.rs\/o-nama\/#primaryimage\"},\"thumbnailUrl\":\"http:\/\/premiumclinic.rs\/wp-content\/uploads\/2023\/06\/Prijem-11-1024x683.jpg\",\"datePublished\":\"2019-10-31T16:30:23+00:00\",\"dateModified\":\"2025-10-27T17:36:51+00:00\",\"description\":\"PREMIUM CLINIC je specijalisti\u010dka ordinacija za plasti\u010dnu, rekonstruktivnu i estetsku hirurgiju, za sve vrste neinvazivnih intervencija i tretmana.\",\"breadcrumb\":{\"@id\":\"https:\/\/premiumclinic.rs\/o-nama\/#breadcrumb\"},\"inLanguage\":\"ru-RU\",\"potentialAction\":[{\"@type\":\"ReadAction\",\"target\":[\"https:\/\/premiumclinic.rs\/o-nama\/\"]}]},{\"@type\":\"ImageObject\",\"inLanguage\":\"ru-RU\",\"@id\":\"https:\/\/premiumclinic.rs\/o-nama\/#primaryimage\",\"url\":\"http:\/\/premiumclinic.rs\/wp-content\/uploads\/2023\/06\/Prijem-11-1024x683.jpg\",\"contentUrl\":\"http:\/\/premiumclinic.rs\/wp-content\/uploads\/2023\/06\/Prijem-11-1024x683.jpg\"},{\"@type\":\"BreadcrumbList\",\"@id\":\"https:\/\/premiumclinic.rs\/o-nama\/#breadcrumb\",\"itemListElement\":[{\"@type\":\"ListItem\",\"position\":1,\"name\":\"Home\",\"item\":\"https:\/\/premiumclinic.rs\/\"},{\"@type\":\"ListItem\",\"position\":2,\"name\":\"O nama\"}]},{\"@type\":\"WebSite\",\"@id\":\"https:\/\/premiumclinic.rs\/#website\",\"url\":\"https:\/\/premiumclinic.rs\/\",\"name\":\"Premium Clinic Beograd\",\"description\":\"Specijalisti\u010dka ordinacija za plasti\u010dnu, rekonstruktivnu i estetsku hirurgiju\",\"potentialAction\":[{\"@type\":\"SearchAction\",\"target\":{\"@type\":\"EntryPoint\",\"urlTemplate\":\"https:\/\/premiumclinic.rs\/?s={search_term_string}\"},\"query-input\":{\"@type\":\"PropertyValueSpecification\",\"valueRequired\":true,\"valueName\":\"search_term_string\"}}],\"inLanguage\":\"ru-RU\"}]}<\/script>\n<!-- \/ Yoast SEO plugin. -->","yoast_head_json":{"title":"O nama - Premium Clinic Beograd","description":"PREMIUM CLINIC je specijalisti\u010dka ordinacija za plasti\u010dnu, rekonstruktivnu i estetsku hirurgiju, za sve vrste neinvazivnih intervencija i tretmana.","robots":{"index":"index","follow":"follow","max-snippet":"max-snippet:-1","max-image-preview":"max-image-preview:large","max-video-preview":"max-video-preview:-1"},"canonical":"https:\/\/premiumclinic.rs\/ru\/o-nama\/","og_locale":"ru_RU","og_type":"article","og_title":"O nama - Premium Clinic Beograd","og_description":"PREMIUM CLINIC je specijalisti\u010dka ordinacija za plasti\u010dnu, rekonstruktivnu i estetsku hirurgiju, za sve vrste neinvazivnih intervencija i tretmana.","og_url":"https:\/\/premiumclinic.rs\/ru\/o-nama\/","og_site_name":"Premium Clinic Beograd","article_modified_time":"2025-10-27T17:36:51+00:00","og_image":[{"url":"http:\/\/premiumclinic.rs\/wp-content\/uploads\/2023\/06\/Prijem-11-1024x683.jpg","type":"","width":"","height":""}],"twitter_card":"summary_large_image","twitter_misc":{"\u041f\u0440\u0438\u043c\u0435\u0440\u043d\u043e\u0435 \u0432\u0440\u0435\u043c\u044f \u0434\u043b\u044f \u0447\u0442\u0435\u043d\u0438\u044f":"4 \u043c\u0438\u043d\u0443\u0442\u044b"},"schema":{"@context":"https:\/\/schema.org","@graph":[{"@type":"WebPage","@id":"https:\/\/premiumclinic.rs\/o-nama\/","url":"https:\/\/premiumclinic.rs\/o-nama\/","name":"O nama - Premium Clinic Beograd","isPartOf":{"@id":"https:\/\/premiumclinic.rs\/#website"},"primaryImageOfPage":{"@id":"https:\/\/premiumclinic.rs\/o-nama\/#primaryimage"},"image":{"@id":"https:\/\/premiumclinic.rs\/o-nama\/#primaryimage"},"thumbnailUrl":"http:\/\/premiumclinic.rs\/wp-content\/uploads\/2023\/06\/Prijem-11-1024x683.jpg","datePublished":"2019-10-31T16:30:23+00:00","dateModified":"2025-10-27T17:36:51+00:00","description":"PREMIUM CLINIC je specijalisti\u010dka ordinacija za plasti\u010dnu, rekonstruktivnu i estetsku hirurgiju, za sve vrste neinvazivnih intervencija i tretmana.","breadcrumb":{"@id":"https:\/\/premiumclinic.rs\/o-nama\/#breadcrumb"},"inLanguage":"ru-RU","potentialAction":[{"@type":"ReadAction","target":["https:\/\/premiumclinic.rs\/o-nama\/"]}]},{"@type":"ImageObject","inLanguage":"ru-RU","@id":"https:\/\/premiumclinic.rs\/o-nama\/#primaryimage","url":"http:\/\/premiumclinic.rs\/wp-content\/uploads\/2023\/06\/Prijem-11-1024x683.jpg","contentUrl":"http:\/\/premiumclinic.rs\/wp-content\/uploads\/2023\/06\/Prijem-11-1024x683.jpg"},{"@type":"BreadcrumbList","@id":"https:\/\/premiumclinic.rs\/o-nama\/#breadcrumb","itemListElement":[{"@type":"ListItem","position":1,"name":"Home","item":"https:\/\/premiumclinic.rs\/"},{"@type":"ListItem","position":2,"name":"O nama"}]},{"@type":"WebSite","@id":"https:\/\/premiumclinic.rs\/#website","url":"https:\/\/premiumclinic.rs\/","name":"Premium Clinic Beograd","description":"Specijalisti\u010dka ordinacija za plasti\u010dnu, rekonstruktivnu i estetsku hirurgiju","potentialAction":[{"@type":"SearchAction","target":{"@type":"EntryPoint","urlTemplate":"https:\/\/premiumclinic.rs\/?s={search_term_string}"},"query-input":{"@type":"PropertyValueSpecification","valueRequired":true,"valueName":"search_term_string"}}],"inLanguage":"ru-RU"}]}},"_links":{"self":[{"href":"https:\/\/premiumclinic.rs\/ru\/wp-json\/wp\/v2\/pages\/4518","targetHints":{"allow":["GET"]}}],"collection":[{"href":"https:\/\/premiumclinic.rs\/ru\/wp-json\/wp\/v2\/pages"}],"about":[{"href":"https:\/\/premiumclinic.rs\/ru\/wp-json\/wp\/v2\/types\/page"}],"author":[{"embeddable":true,"href":"https:\/\/premiumclinic.rs\/ru\/wp-json\/wp\/v2\/users\/1"}],"replies":[{"embeddable":true,"href":"https:\/\/premiumclinic.rs\/ru\/wp-json\/wp\/v2\/comments?post=4518"}],"version-history":[{"count":28,"href":"https:\/\/premiumclinic.rs\/ru\/wp-json\/wp\/v2\/pages\/4518\/revisions"}],"predecessor-version":[{"id":7598,"href":"https:\/\/premiumclinic.rs\/ru\/wp-json\/wp\/v2\/pages\/4518\/revisions\/7598"}],"wp:attachment":[{"href":"https:\/\/premiumclinic.rs\/ru\/wp-json\/wp\/v2\/media?parent=4518"}],"wp:term":[{"taxonomy":"category","embeddable":true,"href":"https:\/\/premiumclinic.rs\/ru\/wp-json\/wp\/v2\/categories?post=4518"},{"taxonomy":"post_tag","embeddable":true,"href":"https:\/\/premiumclinic.rs\/ru\/wp-json\/wp\/v2\/tags?post=4518"}],"curies":[{"name":"wp","href":"https:\/\/api.w.org\/{rel}","templated":true}]}}