{"id":5117,"date":"2021-03-09T21:49:32","date_gmt":"2021-03-09T21:49:32","guid":{"rendered":"http:\/\/premiumclinic.rs\/?page_id=5117"},"modified":"2023-04-20T15:32:43","modified_gmt":"2023-04-20T15:32:43","slug":"alma-soprano-titanium-laser-za-epilaciju-dlaka","status":"publish","type":"page","link":"https:\/\/premiumclinic.rs\/ru\/alma-soprano-titanium-laser-za-epilaciju-dlaka\/","title":{"rendered":"Alma Soprano Titanium laser za epilaciju dlaka"},"content":{"rendered":"<p>Laserska epilacija je jedan od najpopularnijih na\u010dina uklanjanja dla\u010dica u svetu. Ne samo \u0161to je epilacija pametna investicija, odu\u0161evi\u0107ete se meko\u0107om Va\u0161e ko\u017ee i trajnim efektom ove metode. Kod nas, u Premium Clinic, koristimo Alma Soprano Titanium laser, ure\u0111aj najsavremenije tehnologije, od svetski poznatog brenda <a href=\"https:\/\/www.alma-soprano.com\">Alma<\/a>. Klini\u010dki je testiran i odobren od strane FDA, \u0161to ga, uz vrhunske i inovativne karakteristike, \u010dini odli\u010dnim izborom za Va\u0161u ko\u017eu!<\/p>\n\n\n\n<div class=\"wp-block-image\"><figure class=\"aligncenter size-large\"><img loading=\"lazy\" decoding=\"async\" width=\"1024\" height=\"683\" src=\"http:\/\/premiumclinic.rs\/wp-content\/uploads\/2021\/03\/Epilacija-17-1024x683.jpg\" alt=\"laserska epilacija\" class=\"wp-image-5135\" srcset=\"https:\/\/premiumclinic.rs\/wp-content\/uploads\/2021\/03\/Epilacija-17-1024x683.jpg 1024w, https:\/\/premiumclinic.rs\/wp-content\/uploads\/2021\/03\/Epilacija-17-400x267.jpg 400w, https:\/\/premiumclinic.rs\/wp-content\/uploads\/2021\/03\/Epilacija-17-150x100.jpg 150w, https:\/\/premiumclinic.rs\/wp-content\/uploads\/2021\/03\/Epilacija-17.jpg 1350w\" sizes=\"auto, (max-width: 1024px) 100vw, 1024px\" \/><\/figure><\/div>\n\n\n\n<div style=\"height:25px\" aria-hidden=\"true\" class=\"wp-block-spacer\"><\/div>\n\n\n\n<p>Tretman sa ovim laserom je potpuno bezbolan jer koristi ICE Plus metodu, koja ujedno i hladi ko\u017eu u toku tretmana. Pored toga, fenomenalna odlika ovog aparata jeste veli\u010dina laserske sonde od 4 cm\u00b2, koja skra\u0107uje dosada\u0161nje prose\u010dno vreme trajanja laserske epilacije za \u010dak 40%. Pogodan je za kori\u0161\u0107enje na svim tipovima ko\u017ee, pa \u010dak i na preplanuloj, zbog \u010dega se tretman ovim laserom mo\u017ee obavljati u toku cele godine.<\/p>\n\n\n\n<p>Alma Soprano Titanijum deluje na 3 razli\u010dite talasne du\u017eine u jednom tretmanu, ciljaju\u0107i na telo dlake (755 nm), koren dlake (808 nm) ali i krvni sud koji hrani dlaku (1064 nm) istovremeno, \u0161to onemogu\u0107uje ponovni rast dlaka. Iako laser deluje duboko ispod ko\u017ee, sam proces nije invazivan po ko\u017eu. Fenomenalna stvar je \u0161to uklanja dla\u010dice razli\u010dite debljine!<\/p>\n\n\n\n<div class=\"wp-block-image\"><figure class=\"aligncenter size-large\"><img loading=\"lazy\" decoding=\"async\" width=\"1024\" height=\"683\" src=\"http:\/\/premiumclinic.rs\/wp-content\/uploads\/2021\/03\/Prijem-12-1024x683.jpg\" alt=\"alma soprano titanium laser premium clinic\" class=\"wp-image-5148\" srcset=\"https:\/\/premiumclinic.rs\/wp-content\/uploads\/2021\/03\/Prijem-12-1024x683.jpg 1024w, https:\/\/premiumclinic.rs\/wp-content\/uploads\/2021\/03\/Prijem-12-400x267.jpg 400w, https:\/\/premiumclinic.rs\/wp-content\/uploads\/2021\/03\/Prijem-12-150x100.jpg 150w, https:\/\/premiumclinic.rs\/wp-content\/uploads\/2021\/03\/Prijem-12.jpg 1350w\" sizes=\"auto, (max-width: 1024px) 100vw, 1024px\" \/><\/figure><\/div>\n\n\n\n<h2 class=\"wp-block-heading\">Pre laserske epilacije Alma Soprano laserom<\/h2>\n\n\n\n<p>Od izuzetne je va\u017enosti da jednu nedelju pre i jednu nedelju nakon tretmana ne budete izlo\u017eeni direktnom suncu i da ne idete u solarijum. Ukoliko ne mo\u017eete da izbegnete izlazak na sunce, preporu\u010dujemo Vam da koristite kremu sa visokim za\u0161titnim faktorom (SPF 50). Tako\u0111e, tri nedelje pre tretmana dla\u010dice se ne smeju \u010dupati pincetom, depilirati voskom niti koristiti kremu za depilaciju.<\/p>\n\n\n\n<p>Da bi pripremili ko\u017eu za laserski tretman, neophodno je da oko 12 sati pre tretmana brija\u010dem ili \u017eiletom obrijete tu regiju. Uo\u010di dolaska u Premium Clinic, ko\u017ea treba da bude \u010dista, te nemojte nanositi bilo kakve kreme ili \u0161minku, kako ne bi do\u0161lo do crvenila. Ukoliko \u017eelite da uklonite dla\u010dice ispod pazuha, nemojte stavljati dezodorans ili roll-on, iz istih razloga.<\/p>\n\n\n\n<h2 class=\"wp-block-heading\">Laserska epilacija &#8211; tretman<\/h2>\n\n\n\n<p>U Premium Clinic se nalazimo u dogovorenom terminu. Sa Alma Soprano Titanium laserom mo\u017eemo epilirati ruke, noge, predeo ispod pazuha, intimnu regiju, torzo, le\u0111a, vrat i lice. Na licu mo\u017eemo ukloniti \u010dak i dla\u010dice u u\u0161ima, nosu i na obrvama, ali ne i na kapcima, da ne bi o\u0161tetili Va\u0161e o\u010di. Ovaj tretman efikasno re\u0161ava i problem uraslih dlaka. Veli\u010dina laserske sonde odre\u0111uje du\u017einu trajanja tretmana, \u0161to zna\u010di da sa ovim laserom epilacija lica mo\u017ee da traje 5-10 min, a ruke i noge oko 20-30 min.<\/p>\n\n\n\n<div class=\"wp-block-image\"><figure class=\"aligncenter size-large\"><img loading=\"lazy\" decoding=\"async\" width=\"1024\" height=\"683\" src=\"http:\/\/premiumclinic.rs\/wp-content\/uploads\/2021\/03\/Epilacija-16-1024x683.jpg\" alt=\"tretman laserska epilacija\" class=\"wp-image-5134\" srcset=\"https:\/\/premiumclinic.rs\/wp-content\/uploads\/2021\/03\/Epilacija-16-1024x683.jpg 1024w, https:\/\/premiumclinic.rs\/wp-content\/uploads\/2021\/03\/Epilacija-16-400x267.jpg 400w, https:\/\/premiumclinic.rs\/wp-content\/uploads\/2021\/03\/Epilacija-16-150x100.jpg 150w, https:\/\/premiumclinic.rs\/wp-content\/uploads\/2021\/03\/Epilacija-16.jpg 1350w\" sizes=\"auto, (max-width: 1024px) 100vw, 1024px\" \/><\/figure><\/div>\n\n\n\n<div style=\"height:25px\" aria-hidden=\"true\" class=\"wp-block-spacer\"><\/div>\n\n\n\n<p>Pre po\u010detka tretmana, uradi\u0107emo test na manjoj regiji tela, da bi utvrdili nivo osetljivosti ko\u017ee. Na\u0161a ko\u017ea je izlo\u017eena razli\u010ditim spoljnim uticajima i uslovima, te je najbolje proveriti kako \u0107e se ko\u017ea pona\u0161ati pre nego \u0161to zapo\u010dnemo sa epiliranjem dogovorenog dela tela. Pri prvom kontaktu uvide\u0107ete lako\u0107u rada Alma Soprano Titanium lasera.<\/p>\n\n\n\n<p>Sam tretman sa Alma Soprano Titanium je bezbolan, \u0161to daje posebnu notu glamura procesu laserske epilacije. Postoji mogu\u0107nost da osetite blago peckanje u nekim osetljivim delovima ili u delovima gde je kost tik ispod povr\u0161ine ko\u017ee, ali uvide\u0107ete da je to podno\u0161ljivo zarad optimalnih rezultata. Ovaj laser poseduje posebnu tehnologiju hla\u0111enja, \u0161to pru\u017ea umiruju\u0107i efekat na ko\u017eu u toku samog trajanja tretmana, a time i ubla\u017eava tretirani predeo od mogu\u0107e iritacije.<\/p>\n\n\n\n<p>Na\u0161e telo ima dlake razli\u010ditih dubina i du\u017eina, te je fenomenalno \u0161to Alma Soprano Titanium laser deluje na sve klju\u010dne delove dlake, trajno uklanjaju\u0107i \u0107elije neophodne za njihov nastanak i rast. U zavisnosti od dela tela na koji se primenjuje tretman, neophodno je obaviti oko 7 tretmana, a kod osoba sa ja\u010dim dla\u010dicama je mogu\u0107e i vi\u0161e. Broj tretmana se utvr\u0111uje u konsultaciji sa lekarom u Premium Clinic. Tretmani se zakazuju u razmaku od 4-8 nedelja.<\/p>\n\n\n\n<div class=\"wp-block-image\"><figure class=\"aligncenter size-large\"><img loading=\"lazy\" decoding=\"async\" width=\"1024\" height=\"683\" src=\"http:\/\/premiumclinic.rs\/wp-content\/uploads\/2021\/03\/Epilacija-23-1024x683.jpg\" alt=\"\" class=\"wp-image-5137\" srcset=\"https:\/\/premiumclinic.rs\/wp-content\/uploads\/2021\/03\/Epilacija-23-1024x683.jpg 1024w, https:\/\/premiumclinic.rs\/wp-content\/uploads\/2021\/03\/Epilacija-23-400x267.jpg 400w, https:\/\/premiumclinic.rs\/wp-content\/uploads\/2021\/03\/Epilacija-23-150x100.jpg 150w, https:\/\/premiumclinic.rs\/wp-content\/uploads\/2021\/03\/Epilacija-23.jpg 1350w\" sizes=\"auto, (max-width: 1024px) 100vw, 1024px\" \/><\/figure><\/div>\n\n\n\n<h2 class=\"wp-block-heading\">Posle laserske epilacije<\/h2>\n\n\n\n<p>Ve\u0107 nakon prvog tretmana se mogu videti rezultati &#8211; \u010dak 20-30% dlaka na tretiranoj regiji \u0107e opasti u roku od 14-21 dan. Nove dlake \u0107e rasti sporije i bi\u0107e tanje, upravo zbog delovanja lasera na folikule dlaka. U ovome se prepoznaje kvalitet Alma Soprano Titanium lasera.<\/p>\n\n\n\n<p>Posle tretmana nije neophodna posebna nega tretiranog dela tela. Zbog visokog kvaliteta lasera, reakcije na ko\u017ei nakon tretmana su izuzetno retka pojava. U slu\u010daju pojave crvenila, samo stavite hladne obloge na nekoliko minuta i u narednih par dana mo\u017eete da nanosite Pantenol kremu da ubla\u017ei iritaciju.<\/p>\n\n\n\n<p>Za narednu epilaciju neophodno je da \u010duvate ko\u017eu od sun\u010devih zraka, i da primenite jednaki na\u010din pripreme kao i za prvi tretman &#8211; nemojte da idete u solarijum i na sun\u010danje. Tako\u0111e, nemojte uklanjati dla\u010dice pincetom ili depilacijom voskom\/kremom. Zarad ugodnijeg ose\u0107aja, mo\u017eete tu regiju brijati brija\u010dem, odnosno \u017eiletom.<\/p>\n\n\n\n<h2 class=\"wp-block-heading\">Prednosti laserske epilacije Alma Soprano laserom<\/h2>\n\n\n\n<p>U zadnjih nekoliko godina, laserska epilacija je u Srbiji nai\u0161la na veliku podr\u0161ku \u017eena modernih shvatanja, kao i od strane osoba kojima je stalo do svog izgleda. Naime, i mu\u0161karci se rado odlu\u010duju za lasersku epilaciju radi ostavljanja dobrog utiska, te se oni naj\u010de\u0161\u0107e opredeljuju za epilaciju le\u0111a, grudi, vrata, pazuha i brade.<\/p>\n\n\n\n<div class=\"wp-block-image\"><figure class=\"aligncenter size-large\"><img loading=\"lazy\" decoding=\"async\" width=\"1024\" height=\"683\" src=\"http:\/\/premiumclinic.rs\/wp-content\/uploads\/2021\/03\/Epilacija-20-1024x683.jpg\" alt=\"laserska epilacija \" class=\"wp-image-5136\" srcset=\"https:\/\/premiumclinic.rs\/wp-content\/uploads\/2021\/03\/Epilacija-20-1024x683.jpg 1024w, https:\/\/premiumclinic.rs\/wp-content\/uploads\/2021\/03\/Epilacija-20-400x267.jpg 400w, https:\/\/premiumclinic.rs\/wp-content\/uploads\/2021\/03\/Epilacija-20-150x100.jpg 150w, https:\/\/premiumclinic.rs\/wp-content\/uploads\/2021\/03\/Epilacija-20.jpg 1350w\" sizes=\"auto, (max-width: 1024px) 100vw, 1024px\" \/><\/figure><\/div>\n\n\n\n<div style=\"height:25px\" aria-hidden=\"true\" class=\"wp-block-spacer\"><\/div>\n\n\n\n<p>Ranije se odlazak na lasersku epilaciju smatrao luksuzom, a danas je to sasvim <a href=\"http:\/\/premiumclinic.rs\/ru\/cenovnik\/\" target=\"_blank\" rel=\"noreferrer noopener\">pristupa\u010dan tretman<\/a> sa elementima luksuza &#8211; bezbolan je, ima trajan efekat i ne\u017eno se ophodi prema Va\u0161oj ko\u017ei. Kada uporedite mali broj tretmana prema trajnosti u\u010dinka laserske epilacije, oseti\u0107ete se rastere\u0107eno i prijatno u svojoj ko\u017ei.<\/p>\n\n\n\n<p>Na\u0161e stru\u010dno i profesionalno osoblje u Premium Clinic je tu da odgovori na sva Va\u0161a pitanja i da se pobrine da Va\u0161a laserska epilacija bude ugodna. Sa Alma Soprano Titanium laserom ostvari\u0107ete dugoro\u010dnu ne\u017enost Va\u0161e ko\u017ee. Ose\u0107ajte se fantasti\u010dno uz bezbolan tretman, koji Vam omogu\u0107uje potpunu slobodu!<\/p>","protected":false},"excerpt":{"rendered":"<p>Laserska epilacija je jedan od najpopularnijih na\u010dina uklanjanja dla\u010dica u svetu. Ne samo \u0161to je epilacija pametna investicija, odu\u0161evi\u0107ete se meko\u0107om Va\u0161e ko\u017ee i trajnim efektom ove metode. Kod nas, u Premium Clinic, koristimo Alma Soprano Titanium laser, ure\u0111aj najsavremenije tehnologije, od svetski poznatog brenda Alma. Klini\u010dki je testiran i odobren od strane FDA, \u0161to&#8230;<\/p>","protected":false},"author":1,"featured_media":5135,"parent":0,"menu_order":0,"comment_status":"closed","ping_status":"closed","template":"","meta":{"_acf_changed":false,"_editorskit_title_hidden":false,"_editorskit_reading_time":0,"_editorskit_is_block_options_detached":false,"_editorskit_block_options_position":"{}","_lmt_disableupdate":"","_lmt_disable":"","ngg_post_thumbnail":0,"footnotes":""},"categories":[],"tags":[],"class_list":["post-5117","page","type-page","status-publish","has-post-thumbnail","hentry"],"acf":[],"yoast_head":"<!-- This site is optimized with the Yoast SEO plugin v26.1.1 - https:\/\/yoast.com\/wordpress\/plugins\/seo\/ -->\n<title>Alma Soprano Titanium laser za epilaciju dlaka - Premium Clinic Beograd<\/title>\n<meta name=\"description\" content=\"Laserska epilacija je najpopularniji na\u010din uklanjanja dla\u010dica. Alma Soprano Titanium laser, tretman sa ovim laserom je potpuno bezbolan !!\" \/>\n<meta name=\"robots\" content=\"index, follow, max-snippet:-1, max-image-preview:large, max-video-preview:-1\" \/>\n<link rel=\"canonical\" href=\"https:\/\/premiumclinic.rs\/ru\/alma-soprano-titanium-laser-za-epilaciju-dlaka\/\" \/>\n<meta property=\"og:locale\" content=\"ru_RU\" \/>\n<meta property=\"og:type\" content=\"article\" \/>\n<meta property=\"og:title\" content=\"Alma Soprano Titanium laser za epilaciju dlaka - Premium Clinic Beograd\" \/>\n<meta property=\"og:description\" content=\"Laserska epilacija je najpopularniji na\u010din uklanjanja dla\u010dica. Alma Soprano Titanium laser, tretman sa ovim laserom je potpuno bezbolan !!\" \/>\n<meta property=\"og:url\" content=\"https:\/\/premiumclinic.rs\/ru\/alma-soprano-titanium-laser-za-epilaciju-dlaka\/\" \/>\n<meta property=\"og:site_name\" content=\"Premium Clinic Beograd\" \/>\n<meta property=\"article:modified_time\" content=\"2023-04-20T15:32:43+00:00\" \/>\n<meta property=\"og:image\" content=\"https:\/\/premiumclinic.rs\/wp-content\/uploads\/2021\/03\/Epilacija-17.jpg\" \/>\n\t<meta property=\"og:image:width\" content=\"1350\" \/>\n\t<meta property=\"og:image:height\" content=\"901\" \/>\n\t<meta property=\"og:image:type\" content=\"image\/jpeg\" \/>\n<meta name=\"twitter:card\" content=\"summary_large_image\" \/>\n<meta name=\"twitter:label1\" content=\"\u041f\u0440\u0438\u043c\u0435\u0440\u043d\u043e\u0435 \u0432\u0440\u0435\u043c\u044f \u0434\u043b\u044f \u0447\u0442\u0435\u043d\u0438\u044f\" \/>\n\t<meta name=\"twitter:data1\" content=\"5 \u043c\u0438\u043d\u0443\u0442\" \/>\n<script type=\"application\/ld+json\" class=\"yoast-schema-graph\">{\"@context\":\"https:\/\/schema.org\",\"@graph\":[{\"@type\":\"WebPage\",\"@id\":\"https:\/\/premiumclinic.rs\/alma-soprano-titanium-laser-za-epilaciju-dlaka\/\",\"url\":\"https:\/\/premiumclinic.rs\/alma-soprano-titanium-laser-za-epilaciju-dlaka\/\",\"name\":\"Alma Soprano Titanium laser za epilaciju dlaka - Premium Clinic Beograd\",\"isPartOf\":{\"@id\":\"https:\/\/premiumclinic.rs\/#website\"},\"primaryImageOfPage\":{\"@id\":\"https:\/\/premiumclinic.rs\/alma-soprano-titanium-laser-za-epilaciju-dlaka\/#primaryimage\"},\"image\":{\"@id\":\"https:\/\/premiumclinic.rs\/alma-soprano-titanium-laser-za-epilaciju-dlaka\/#primaryimage\"},\"thumbnailUrl\":\"https:\/\/premiumclinic.rs\/wp-content\/uploads\/2021\/03\/Epilacija-17.jpg\",\"datePublished\":\"2021-03-09T21:49:32+00:00\",\"dateModified\":\"2023-04-20T15:32:43+00:00\",\"description\":\"Laserska epilacija je najpopularniji na\u010din uklanjanja dla\u010dica. Alma Soprano Titanium laser, tretman sa ovim laserom je potpuno bezbolan !!\",\"breadcrumb\":{\"@id\":\"https:\/\/premiumclinic.rs\/alma-soprano-titanium-laser-za-epilaciju-dlaka\/#breadcrumb\"},\"inLanguage\":\"ru-RU\",\"potentialAction\":[{\"@type\":\"ReadAction\",\"target\":[\"https:\/\/premiumclinic.rs\/alma-soprano-titanium-laser-za-epilaciju-dlaka\/\"]}]},{\"@type\":\"ImageObject\",\"inLanguage\":\"ru-RU\",\"@id\":\"https:\/\/premiumclinic.rs\/alma-soprano-titanium-laser-za-epilaciju-dlaka\/#primaryimage\",\"url\":\"https:\/\/premiumclinic.rs\/wp-content\/uploads\/2021\/03\/Epilacija-17.jpg\",\"contentUrl\":\"https:\/\/premiumclinic.rs\/wp-content\/uploads\/2021\/03\/Epilacija-17.jpg\",\"width\":1350,\"height\":901,\"caption\":\"laserska epilacija\"},{\"@type\":\"BreadcrumbList\",\"@id\":\"https:\/\/premiumclinic.rs\/alma-soprano-titanium-laser-za-epilaciju-dlaka\/#breadcrumb\",\"itemListElement\":[{\"@type\":\"ListItem\",\"position\":1,\"name\":\"Home\",\"item\":\"https:\/\/premiumclinic.rs\/\"},{\"@type\":\"ListItem\",\"position\":2,\"name\":\"Alma Soprano Titanium laser za epilaciju dlaka\"}]},{\"@type\":\"WebSite\",\"@id\":\"https:\/\/premiumclinic.rs\/#website\",\"url\":\"https:\/\/premiumclinic.rs\/\",\"name\":\"Premium Clinic Beograd\",\"description\":\"Specijalisti\u010dka ordinacija za plasti\u010dnu, rekonstruktivnu i estetsku hirurgiju\",\"potentialAction\":[{\"@type\":\"SearchAction\",\"target\":{\"@type\":\"EntryPoint\",\"urlTemplate\":\"https:\/\/premiumclinic.rs\/?s={search_term_string}\"},\"query-input\":{\"@type\":\"PropertyValueSpecification\",\"valueRequired\":true,\"valueName\":\"search_term_string\"}}],\"inLanguage\":\"ru-RU\"}]}<\/script>\n<!-- \/ Yoast SEO plugin. -->","yoast_head_json":{"title":"Alma Soprano Titanium laser za epilaciju dlaka - Premium Clinic Beograd","description":"Laserska epilacija je najpopularniji na\u010din uklanjanja dla\u010dica. Alma Soprano Titanium laser, tretman sa ovim laserom je potpuno bezbolan !!","robots":{"index":"index","follow":"follow","max-snippet":"max-snippet:-1","max-image-preview":"max-image-preview:large","max-video-preview":"max-video-preview:-1"},"canonical":"https:\/\/premiumclinic.rs\/ru\/alma-soprano-titanium-laser-za-epilaciju-dlaka\/","og_locale":"ru_RU","og_type":"article","og_title":"Alma Soprano Titanium laser za epilaciju dlaka - Premium Clinic Beograd","og_description":"Laserska epilacija je najpopularniji na\u010din uklanjanja dla\u010dica. Alma Soprano Titanium laser, tretman sa ovim laserom je potpuno bezbolan !!","og_url":"https:\/\/premiumclinic.rs\/ru\/alma-soprano-titanium-laser-za-epilaciju-dlaka\/","og_site_name":"Premium Clinic Beograd","article_modified_time":"2023-04-20T15:32:43+00:00","og_image":[{"width":1350,"height":901,"url":"https:\/\/premiumclinic.rs\/wp-content\/uploads\/2021\/03\/Epilacija-17.jpg","type":"image\/jpeg"}],"twitter_card":"summary_large_image","twitter_misc":{"\u041f\u0440\u0438\u043c\u0435\u0440\u043d\u043e\u0435 \u0432\u0440\u0435\u043c\u044f \u0434\u043b\u044f \u0447\u0442\u0435\u043d\u0438\u044f":"5 \u043c\u0438\u043d\u0443\u0442"},"schema":{"@context":"https:\/\/schema.org","@graph":[{"@type":"WebPage","@id":"https:\/\/premiumclinic.rs\/alma-soprano-titanium-laser-za-epilaciju-dlaka\/","url":"https:\/\/premiumclinic.rs\/alma-soprano-titanium-laser-za-epilaciju-dlaka\/","name":"Alma Soprano Titanium laser za epilaciju dlaka - Premium Clinic Beograd","isPartOf":{"@id":"https:\/\/premiumclinic.rs\/#website"},"primaryImageOfPage":{"@id":"https:\/\/premiumclinic.rs\/alma-soprano-titanium-laser-za-epilaciju-dlaka\/#primaryimage"},"image":{"@id":"https:\/\/premiumclinic.rs\/alma-soprano-titanium-laser-za-epilaciju-dlaka\/#primaryimage"},"thumbnailUrl":"https:\/\/premiumclinic.rs\/wp-content\/uploads\/2021\/03\/Epilacija-17.jpg","datePublished":"2021-03-09T21:49:32+00:00","dateModified":"2023-04-20T15:32:43+00:00","description":"Laserska epilacija je najpopularniji na\u010din uklanjanja dla\u010dica. Alma Soprano Titanium laser, tretman sa ovim laserom je potpuno bezbolan !!","breadcrumb":{"@id":"https:\/\/premiumclinic.rs\/alma-soprano-titanium-laser-za-epilaciju-dlaka\/#breadcrumb"},"inLanguage":"ru-RU","potentialAction":[{"@type":"ReadAction","target":["https:\/\/premiumclinic.rs\/alma-soprano-titanium-laser-za-epilaciju-dlaka\/"]}]},{"@type":"ImageObject","inLanguage":"ru-RU","@id":"https:\/\/premiumclinic.rs\/alma-soprano-titanium-laser-za-epilaciju-dlaka\/#primaryimage","url":"https:\/\/premiumclinic.rs\/wp-content\/uploads\/2021\/03\/Epilacija-17.jpg","contentUrl":"https:\/\/premiumclinic.rs\/wp-content\/uploads\/2021\/03\/Epilacija-17.jpg","width":1350,"height":901,"caption":"laserska epilacija"},{"@type":"BreadcrumbList","@id":"https:\/\/premiumclinic.rs\/alma-soprano-titanium-laser-za-epilaciju-dlaka\/#breadcrumb","itemListElement":[{"@type":"ListItem","position":1,"name":"Home","item":"https:\/\/premiumclinic.rs\/"},{"@type":"ListItem","position":2,"name":"Alma Soprano Titanium laser za epilaciju dlaka"}]},{"@type":"WebSite","@id":"https:\/\/premiumclinic.rs\/#website","url":"https:\/\/premiumclinic.rs\/","name":"Premium Clinic Beograd","description":"Specijalisti\u010dka ordinacija za plasti\u010dnu, rekonstruktivnu i estetsku hirurgiju","potentialAction":[{"@type":"SearchAction","target":{"@type":"EntryPoint","urlTemplate":"https:\/\/premiumclinic.rs\/?s={search_term_string}"},"query-input":{"@type":"PropertyValueSpecification","valueRequired":true,"valueName":"search_term_string"}}],"inLanguage":"ru-RU"}]}},"_links":{"self":[{"href":"https:\/\/premiumclinic.rs\/ru\/wp-json\/wp\/v2\/pages\/5117","targetHints":{"allow":["GET"]}}],"collection":[{"href":"https:\/\/premiumclinic.rs\/ru\/wp-json\/wp\/v2\/pages"}],"about":[{"href":"https:\/\/premiumclinic.rs\/ru\/wp-json\/wp\/v2\/types\/page"}],"author":[{"embeddable":true,"href":"https:\/\/premiumclinic.rs\/ru\/wp-json\/wp\/v2\/users\/1"}],"replies":[{"embeddable":true,"href":"https:\/\/premiumclinic.rs\/ru\/wp-json\/wp\/v2\/comments?post=5117"}],"version-history":[{"count":5,"href":"https:\/\/premiumclinic.rs\/ru\/wp-json\/wp\/v2\/pages\/5117\/revisions"}],"predecessor-version":[{"id":6500,"href":"https:\/\/premiumclinic.rs\/ru\/wp-json\/wp\/v2\/pages\/5117\/revisions\/6500"}],"wp:featuredmedia":[{"embeddable":true,"href":"https:\/\/premiumclinic.rs\/ru\/wp-json\/wp\/v2\/media\/5135"}],"wp:attachment":[{"href":"https:\/\/premiumclinic.rs\/ru\/wp-json\/wp\/v2\/media?parent=5117"}],"wp:term":[{"taxonomy":"category","embeddable":true,"href":"https:\/\/premiumclinic.rs\/ru\/wp-json\/wp\/v2\/categories?post=5117"},{"taxonomy":"post_tag","embeddable":true,"href":"https:\/\/premiumclinic.rs\/ru\/wp-json\/wp\/v2\/tags?post=5117"}],"curies":[{"name":"wp","href":"https:\/\/api.w.org\/{rel}","templated":true}]}}