{"id":5300,"date":"2021-03-21T13:54:58","date_gmt":"2021-03-21T13:54:58","guid":{"rendered":"http:\/\/premiumclinic.rs\/?page_id=5300"},"modified":"2024-07-17T18:00:14","modified_gmt":"2024-07-17T18:00:14","slug":"operacija-nosa-estetska-i-funkcionalna","status":"publish","type":"page","link":"https:\/\/premiumclinic.rs\/ru\/operacija-nosa-estetska-i-funkcionalna\/","title":{"rendered":"Operacija nosa &#8211; estetska i funkcionalna"},"content":{"rendered":"<p class=\"has-text-align-left\">Rinoplastika, odnosno operacija nosa, je jedan od naj\u010de\u0161\u0107ih zahvata koji izvode hirurzi \u0161irom sveta. Nos je centralni ukras na\u0161eg lica i bilo kakav nesklad sa crtama lica je odmah upadljiv. Osim \u0161to se mogu praviti estetske korekcije, operacija nosa Vam mo\u017ee pomo\u0107i sa disajnim problemima, \u0161to \u0107e zna\u010dajno pobolj\u0161ati kvalitet Va\u0161eg \u017eivota.<\/p>\n\n\n\n<p>Nos je organ koji sadr\u017ei veliki broj tkiva na maloj povr\u0161ini: hrskavice, kosti, mi\u0161i\u0107i, ligamenti, potko\u017eno tkivo, sluzoko\u017ea i ko\u017ea. Zbog toga je ova intervencija jedan jako ozbiljan zahvat kojem se pristupa sa puno pa\u017enje i planiranja. Povezanost svih tkiva je jako bitna za funkcionisanje nosa i ovakve operacije izvode isklju\u010divo hirurzi iz ove oblasti.<\/p>\n\n\n\n<p>Nezadovoljstvo svojim izgledom poga\u0111a \u017eene i mu\u0161karce podjednako, me\u0111u mla\u0111om i starijom populacijom. Ova intervencija je pogodna za devojke preko 16 godina, a za momke tek preko 18 godina, jer se smatra da su to doba kada na\u0161 nos prestaje da se formira. Stariji ljudi mogu se odlu\u010diti na ovaj zahvat da bi podmladili lice podizanjem nosa, koji se vremenom \u201copu\u0161ta\u201d. Zahvatom se oblikuje hrskavica, ko\u0161tana struktura nosa i meka tkiva.<\/p>\n\n\n\n<hr class=\"wp-block-separator has-alpha-channel-opacity\"\/>\n\n\n\n<p>Operacija nosa se izvodi u dve svrhe i re\u0161ava slede\u0107e probleme:<\/p>\n\n\n\n<ul class=\"wp-block-list\">\n<li>Estetska korekcija nosa: veli\u010dina, pozicija, zakrivljenje, profil, oblik vrha, \u0161irina nozdrva, ugao izme\u0111u nosa i usta, uklanjanje \u201cgrbe\u201d na nosu, deformacije usled povrede itd.<\/li>\n\n\n\n<li>Funkcionalna korekcija nosa: ote\u017eano disanje, hrkanje, devijacija septuma, izbo\u010dene ili krive nosne pregrade, genetski nasledne mane itd.<\/li>\n<\/ul>\n\n\n\n<hr class=\"wp-block-separator has-alpha-channel-opacity\"\/>\n\n\n\n<p>Hirurzi u Premium Clinic su vrhunski specijalisti za operacije nosa. Na\u0161 cilj je da imate lep nos prirodnog izgleda, sa zdravom nosnom strukturom. Akcenat stavljamo na dobru komunikaciju izme\u0111u Vas i Va\u0161eg hirurga &#8211; Vi podelite Va\u0161e \u017eelje a hirurg Vam iznese Va\u0161e mogu\u0107nosti, u skladu sa fizionomijom Va\u0161eg lica.<\/p>\n\n\n\n<hr class=\"wp-block-separator has-alpha-channel-opacity\"\/>\n\n\n\n<figure class=\"wp-block-image size-large is-resized\"><img loading=\"lazy\" decoding=\"async\" src=\"https:\/\/premiumclinic.rs\/wp-content\/uploads\/2024\/04\/2-1024x1024.jpg\" alt=\"\" class=\"wp-image-7026\" width=\"411\" height=\"411\" srcset=\"https:\/\/premiumclinic.rs\/wp-content\/uploads\/2024\/04\/2-1024x1024.jpg 1024w, https:\/\/premiumclinic.rs\/wp-content\/uploads\/2024\/04\/2-400x400.jpg 400w, https:\/\/premiumclinic.rs\/wp-content\/uploads\/2024\/04\/2-150x150.jpg 150w, https:\/\/premiumclinic.rs\/wp-content\/uploads\/2024\/04\/2-600x600.jpg 600w, https:\/\/premiumclinic.rs\/wp-content\/uploads\/2024\/04\/2.jpg 1080w\" sizes=\"auto, (max-width: 411px) 100vw, 411px\" \/><\/figure>\n\n\n\n<h2 class=\"wp-block-heading\">Pre operacije nosa<\/h2>\n\n\n\n<p>Najpre je neophodno da do\u0111ete kod nas, u Premium Clinic, na konsultaciju i pregled nosa. Hirurg \u0107e Vas tom prilikom pitati informativno o Va\u0161oj istoriji bolesti. Svrha ove konsultacije jeste da se upoznate sa hirurgom, i da iznesete svoje \u017eelje i ideje o Va\u0161em izgledu.<\/p>\n\n\n\n<p>Imajte na umu da se nos mora posmatrati kao deo jedne celine &#8211; mo\u017eda Vam se svidi kako izgleda ne\u010diji nos, ali to ne zna\u010di da na nekom drugom bi izgledao jednako dobro. Zbog toga je tu Va\u0161 hirurg koji \u0107e Vam dati povratnu informaciju o tome.&nbsp;<\/p>\n\n\n\n<p>Hirurg \u0107e napraviti par slika Va\u0161eg nosa, koje \u0107e se koristiti za kreiranje finalnog izgleda Va\u0161eg nosa i pa\u017eljivo planiranje operacije. Oblik Va\u0161eg novog nosa mora biti skladan sa disajnim putevima, ali i da bude u simbiozi sa postoje\u0107im crtama lica.<\/p>\n\n\n\n<figure class=\"wp-block-image size-large is-resized\"><img loading=\"lazy\" decoding=\"async\" src=\"https:\/\/premiumclinic.rs\/wp-content\/uploads\/2021\/07\/9B6B29A1-C8EF-47E5-9C0B-DB6CE205D8BA-1024x1024.jpeg\" alt=\"\" class=\"wp-image-5594\" width=\"410\" height=\"410\" srcset=\"https:\/\/premiumclinic.rs\/wp-content\/uploads\/2021\/07\/9B6B29A1-C8EF-47E5-9C0B-DB6CE205D8BA-1024x1024.jpeg 1024w, https:\/\/premiumclinic.rs\/wp-content\/uploads\/2021\/07\/9B6B29A1-C8EF-47E5-9C0B-DB6CE205D8BA-400x400.jpeg 400w, https:\/\/premiumclinic.rs\/wp-content\/uploads\/2021\/07\/9B6B29A1-C8EF-47E5-9C0B-DB6CE205D8BA-150x150.jpeg 150w, https:\/\/premiumclinic.rs\/wp-content\/uploads\/2021\/07\/9B6B29A1-C8EF-47E5-9C0B-DB6CE205D8BA-1536x1536.jpeg 1536w, https:\/\/premiumclinic.rs\/wp-content\/uploads\/2021\/07\/9B6B29A1-C8EF-47E5-9C0B-DB6CE205D8BA-2048x2048.jpeg 2048w, https:\/\/premiumclinic.rs\/wp-content\/uploads\/2021\/07\/9B6B29A1-C8EF-47E5-9C0B-DB6CE205D8BA-600x600.jpeg 600w\" sizes=\"auto, (max-width: 410px) 100vw, 410px\" \/><figcaption class=\"wp-element-caption\">Operacija nosa u Premium Clinic<\/figcaption><\/figure>\n\n\n\n<hr class=\"wp-block-separator has-alpha-channel-opacity\"\/>\n\n\n\n<h2 class=\"wp-block-heading\">Operacija nosa<\/h2>\n\n\n\n<p>Intervencija traje oko 2 sata, u zavisnosti od obima zahvata i izvodi se u op\u0161toj anesteziji. Operacija nosa se vr\u0161i najmodernijim metodama i najfinijim instrumentima.<\/p>\n\n\n\n<hr class=\"wp-block-separator has-alpha-channel-opacity\"\/>\n\n\n\n<h2 class=\"wp-block-heading\">Posle operacije nosa<\/h2>\n\n\n\n<p>Oporavak od operacije nosa \u0107ete provesti kod ku\u0107e, \u0161to du\u017ee miruju\u0107i i odmaraju\u0107i. Modrice, otoci i tamni kolutovi oko o\u010diju \u0107e biti prisutni oko 2 nedelje &#8211; za modrice i otoke koristite hladne obloge a tamne kolutove, eventualno, mo\u017eete pokriti \u0161minkom. Normalna je pojava i minimalnih bolova, koji se lako ubla\u017ee lekovima.&nbsp;<\/p>\n\n\n\n<p>Tamponi se ukljanjaju nakon 7 dana. Rezultati \u0107e biti vidljivi ve\u0107 nakon povla\u010denja otoka, oko 7 dana posle operacije, ali finalni izgled \u0107e biti formiran tek nakon 6 meseci do godinu dana. Neophodno je da budete spremni na ovaj proces i da se naoru\u017eate strpljenjem &#8211; krajnji rezultat je vredan \u010dekanja.<\/p>","protected":false},"excerpt":{"rendered":"<p>Rinoplastika, odnosno operacija nosa, je jedan od naj\u010de\u0161\u0107ih zahvata koji izvode hirurzi \u0161irom sveta. Nos je centralni ukras na\u0161eg lica i bilo kakav nesklad sa crtama lica je odmah upadljiv. Osim \u0161to se mogu praviti estetske korekcije, operacija nosa Vam mo\u017ee pomo\u0107i sa disajnim problemima, \u0161to \u0107e zna\u010dajno pobolj\u0161ati kvalitet Va\u0161eg \u017eivota. Nos je organ&#8230;<\/p>","protected":false},"author":1,"featured_media":5301,"parent":0,"menu_order":0,"comment_status":"closed","ping_status":"closed","template":"","meta":{"_acf_changed":false,"_editorskit_title_hidden":false,"_editorskit_reading_time":0,"_editorskit_is_block_options_detached":false,"_editorskit_block_options_position":"{}","_lmt_disableupdate":"","_lmt_disable":"","ngg_post_thumbnail":0,"footnotes":""},"categories":[18],"tags":[],"class_list":["post-5300","page","type-page","status-publish","has-post-thumbnail","hentry","category-blog"],"acf":[],"yoast_head":"<!-- This site is optimized with the Yoast SEO plugin v26.1.1 - https:\/\/yoast.com\/wordpress\/plugins\/seo\/ -->\n<title>Operacija nosa - estetska i funkcionalna - Premium Clinic Beograd<\/title>\n<meta name=\"description\" content=\"Operacija nosa, centralni ukras Va\u0161eg lica! Estetska ili funkcionalna korekcija, Premium Clinic tim je tu za Vas! Pozovite nas!\" \/>\n<meta name=\"robots\" content=\"index, follow, max-snippet:-1, max-image-preview:large, max-video-preview:-1\" \/>\n<link rel=\"canonical\" href=\"https:\/\/premiumclinic.rs\/ru\/operacija-nosa-estetska-i-funkcionalna\/\" \/>\n<meta property=\"og:locale\" content=\"ru_RU\" \/>\n<meta property=\"og:type\" content=\"article\" \/>\n<meta property=\"og:title\" content=\"Operacija nosa - estetska i funkcionalna - Premium Clinic Beograd\" \/>\n<meta property=\"og:description\" content=\"Operacija nosa, centralni ukras Va\u0161eg lica! Estetska ili funkcionalna korekcija, Premium Clinic tim je tu za Vas! Pozovite nas!\" \/>\n<meta property=\"og:url\" content=\"https:\/\/premiumclinic.rs\/ru\/operacija-nosa-estetska-i-funkcionalna\/\" \/>\n<meta property=\"og:site_name\" content=\"Premium Clinic Beograd\" \/>\n<meta property=\"article:modified_time\" content=\"2024-07-17T18:00:14+00:00\" \/>\n<meta property=\"og:image\" content=\"https:\/\/premiumclinic.rs\/wp-content\/uploads\/2021\/03\/savrsen-nos.jpg\" \/>\n\t<meta property=\"og:image:width\" content=\"805\" \/>\n\t<meta property=\"og:image:height\" content=\"604\" \/>\n\t<meta property=\"og:image:type\" content=\"image\/jpeg\" \/>\n<meta name=\"twitter:card\" content=\"summary_large_image\" \/>\n<meta name=\"twitter:label1\" content=\"\u041f\u0440\u0438\u043c\u0435\u0440\u043d\u043e\u0435 \u0432\u0440\u0435\u043c\u044f \u0434\u043b\u044f \u0447\u0442\u0435\u043d\u0438\u044f\" \/>\n\t<meta name=\"twitter:data1\" content=\"3 \u043c\u0438\u043d\u0443\u0442\u044b\" \/>\n<script type=\"application\/ld+json\" class=\"yoast-schema-graph\">{\"@context\":\"https:\/\/schema.org\",\"@graph\":[{\"@type\":\"WebPage\",\"@id\":\"https:\/\/premiumclinic.rs\/operacija-nosa-estetska-i-funkcionalna\/\",\"url\":\"https:\/\/premiumclinic.rs\/operacija-nosa-estetska-i-funkcionalna\/\",\"name\":\"Operacija nosa - estetska i funkcionalna - Premium Clinic Beograd\",\"isPartOf\":{\"@id\":\"https:\/\/premiumclinic.rs\/#website\"},\"primaryImageOfPage\":{\"@id\":\"https:\/\/premiumclinic.rs\/operacija-nosa-estetska-i-funkcionalna\/#primaryimage\"},\"image\":{\"@id\":\"https:\/\/premiumclinic.rs\/operacija-nosa-estetska-i-funkcionalna\/#primaryimage\"},\"thumbnailUrl\":\"https:\/\/premiumclinic.rs\/wp-content\/uploads\/2021\/03\/savrsen-nos.jpg\",\"datePublished\":\"2021-03-21T13:54:58+00:00\",\"dateModified\":\"2024-07-17T18:00:14+00:00\",\"description\":\"Operacija nosa, centralni ukras Va\u0161eg lica! Estetska ili funkcionalna korekcija, Premium Clinic tim je tu za Vas! Pozovite nas!\",\"breadcrumb\":{\"@id\":\"https:\/\/premiumclinic.rs\/operacija-nosa-estetska-i-funkcionalna\/#breadcrumb\"},\"inLanguage\":\"ru-RU\",\"potentialAction\":[{\"@type\":\"ReadAction\",\"target\":[\"https:\/\/premiumclinic.rs\/operacija-nosa-estetska-i-funkcionalna\/\"]}]},{\"@type\":\"ImageObject\",\"inLanguage\":\"ru-RU\",\"@id\":\"https:\/\/premiumclinic.rs\/operacija-nosa-estetska-i-funkcionalna\/#primaryimage\",\"url\":\"https:\/\/premiumclinic.rs\/wp-content\/uploads\/2021\/03\/savrsen-nos.jpg\",\"contentUrl\":\"https:\/\/premiumclinic.rs\/wp-content\/uploads\/2021\/03\/savrsen-nos.jpg\",\"width\":805,\"height\":604},{\"@type\":\"BreadcrumbList\",\"@id\":\"https:\/\/premiumclinic.rs\/operacija-nosa-estetska-i-funkcionalna\/#breadcrumb\",\"itemListElement\":[{\"@type\":\"ListItem\",\"position\":1,\"name\":\"Home\",\"item\":\"https:\/\/premiumclinic.rs\/\"},{\"@type\":\"ListItem\",\"position\":2,\"name\":\"Operacija nosa &#8211; estetska i funkcionalna\"}]},{\"@type\":\"WebSite\",\"@id\":\"https:\/\/premiumclinic.rs\/#website\",\"url\":\"https:\/\/premiumclinic.rs\/\",\"name\":\"Premium Clinic Beograd\",\"description\":\"Specijalisti\u010dka ordinacija za plasti\u010dnu, rekonstruktivnu i estetsku hirurgiju\",\"potentialAction\":[{\"@type\":\"SearchAction\",\"target\":{\"@type\":\"EntryPoint\",\"urlTemplate\":\"https:\/\/premiumclinic.rs\/?s={search_term_string}\"},\"query-input\":{\"@type\":\"PropertyValueSpecification\",\"valueRequired\":true,\"valueName\":\"search_term_string\"}}],\"inLanguage\":\"ru-RU\"}]}<\/script>\n<!-- \/ Yoast SEO plugin. -->","yoast_head_json":{"title":"Operacija nosa - estetska i funkcionalna - Premium Clinic Beograd","description":"Operacija nosa, centralni ukras Va\u0161eg lica! Estetska ili funkcionalna korekcija, Premium Clinic tim je tu za Vas! Pozovite nas!","robots":{"index":"index","follow":"follow","max-snippet":"max-snippet:-1","max-image-preview":"max-image-preview:large","max-video-preview":"max-video-preview:-1"},"canonical":"https:\/\/premiumclinic.rs\/ru\/operacija-nosa-estetska-i-funkcionalna\/","og_locale":"ru_RU","og_type":"article","og_title":"Operacija nosa - estetska i funkcionalna - Premium Clinic Beograd","og_description":"Operacija nosa, centralni ukras Va\u0161eg lica! Estetska ili funkcionalna korekcija, Premium Clinic tim je tu za Vas! Pozovite nas!","og_url":"https:\/\/premiumclinic.rs\/ru\/operacija-nosa-estetska-i-funkcionalna\/","og_site_name":"Premium Clinic Beograd","article_modified_time":"2024-07-17T18:00:14+00:00","og_image":[{"width":805,"height":604,"url":"https:\/\/premiumclinic.rs\/wp-content\/uploads\/2021\/03\/savrsen-nos.jpg","type":"image\/jpeg"}],"twitter_card":"summary_large_image","twitter_misc":{"\u041f\u0440\u0438\u043c\u0435\u0440\u043d\u043e\u0435 \u0432\u0440\u0435\u043c\u044f \u0434\u043b\u044f \u0447\u0442\u0435\u043d\u0438\u044f":"3 \u043c\u0438\u043d\u0443\u0442\u044b"},"schema":{"@context":"https:\/\/schema.org","@graph":[{"@type":"WebPage","@id":"https:\/\/premiumclinic.rs\/operacija-nosa-estetska-i-funkcionalna\/","url":"https:\/\/premiumclinic.rs\/operacija-nosa-estetska-i-funkcionalna\/","name":"Operacija nosa - estetska i funkcionalna - Premium Clinic Beograd","isPartOf":{"@id":"https:\/\/premiumclinic.rs\/#website"},"primaryImageOfPage":{"@id":"https:\/\/premiumclinic.rs\/operacija-nosa-estetska-i-funkcionalna\/#primaryimage"},"image":{"@id":"https:\/\/premiumclinic.rs\/operacija-nosa-estetska-i-funkcionalna\/#primaryimage"},"thumbnailUrl":"https:\/\/premiumclinic.rs\/wp-content\/uploads\/2021\/03\/savrsen-nos.jpg","datePublished":"2021-03-21T13:54:58+00:00","dateModified":"2024-07-17T18:00:14+00:00","description":"Operacija nosa, centralni ukras Va\u0161eg lica! Estetska ili funkcionalna korekcija, Premium Clinic tim je tu za Vas! Pozovite nas!","breadcrumb":{"@id":"https:\/\/premiumclinic.rs\/operacija-nosa-estetska-i-funkcionalna\/#breadcrumb"},"inLanguage":"ru-RU","potentialAction":[{"@type":"ReadAction","target":["https:\/\/premiumclinic.rs\/operacija-nosa-estetska-i-funkcionalna\/"]}]},{"@type":"ImageObject","inLanguage":"ru-RU","@id":"https:\/\/premiumclinic.rs\/operacija-nosa-estetska-i-funkcionalna\/#primaryimage","url":"https:\/\/premiumclinic.rs\/wp-content\/uploads\/2021\/03\/savrsen-nos.jpg","contentUrl":"https:\/\/premiumclinic.rs\/wp-content\/uploads\/2021\/03\/savrsen-nos.jpg","width":805,"height":604},{"@type":"BreadcrumbList","@id":"https:\/\/premiumclinic.rs\/operacija-nosa-estetska-i-funkcionalna\/#breadcrumb","itemListElement":[{"@type":"ListItem","position":1,"name":"Home","item":"https:\/\/premiumclinic.rs\/"},{"@type":"ListItem","position":2,"name":"Operacija nosa &#8211; estetska i funkcionalna"}]},{"@type":"WebSite","@id":"https:\/\/premiumclinic.rs\/#website","url":"https:\/\/premiumclinic.rs\/","name":"Premium Clinic Beograd","description":"Specijalisti\u010dka ordinacija za plasti\u010dnu, rekonstruktivnu i estetsku hirurgiju","potentialAction":[{"@type":"SearchAction","target":{"@type":"EntryPoint","urlTemplate":"https:\/\/premiumclinic.rs\/?s={search_term_string}"},"query-input":{"@type":"PropertyValueSpecification","valueRequired":true,"valueName":"search_term_string"}}],"inLanguage":"ru-RU"}]}},"_links":{"self":[{"href":"https:\/\/premiumclinic.rs\/ru\/wp-json\/wp\/v2\/pages\/5300","targetHints":{"allow":["GET"]}}],"collection":[{"href":"https:\/\/premiumclinic.rs\/ru\/wp-json\/wp\/v2\/pages"}],"about":[{"href":"https:\/\/premiumclinic.rs\/ru\/wp-json\/wp\/v2\/types\/page"}],"author":[{"embeddable":true,"href":"https:\/\/premiumclinic.rs\/ru\/wp-json\/wp\/v2\/users\/1"}],"replies":[{"embeddable":true,"href":"https:\/\/premiumclinic.rs\/ru\/wp-json\/wp\/v2\/comments?post=5300"}],"version-history":[{"count":13,"href":"https:\/\/premiumclinic.rs\/ru\/wp-json\/wp\/v2\/pages\/5300\/revisions"}],"predecessor-version":[{"id":7156,"href":"https:\/\/premiumclinic.rs\/ru\/wp-json\/wp\/v2\/pages\/5300\/revisions\/7156"}],"wp:featuredmedia":[{"embeddable":true,"href":"https:\/\/premiumclinic.rs\/ru\/wp-json\/wp\/v2\/media\/5301"}],"wp:attachment":[{"href":"https:\/\/premiumclinic.rs\/ru\/wp-json\/wp\/v2\/media?parent=5300"}],"wp:term":[{"taxonomy":"category","embeddable":true,"href":"https:\/\/premiumclinic.rs\/ru\/wp-json\/wp\/v2\/categories?post=5300"},{"taxonomy":"post_tag","embeddable":true,"href":"https:\/\/premiumclinic.rs\/ru\/wp-json\/wp\/v2\/tags?post=5300"}],"curies":[{"name":"wp","href":"https:\/\/api.w.org\/{rel}","templated":true}]}}