{"id":5320,"date":"2021-05-28T00:16:00","date_gmt":"2021-05-28T00:16:00","guid":{"rendered":"http:\/\/premiumclinic.rs\/?page_id=5320"},"modified":"2024-07-17T16:19:36","modified_gmt":"2024-07-17T16:19:36","slug":"operacija-stomaka","status":"publish","type":"page","link":"https:\/\/premiumclinic.rs\/ru\/operacija-stomaka\/","title":{"rendered":"Operacija stomaka"},"content":{"rendered":"<p>Zatezanje stomaka zauzima posebno mesto u estetskoj hirurgiji. Da bi Va\u0161 stomak delovao prirodno ravan, neophodno je da se postigne balans izme\u0111u koli\u010dine masnog tkiva, tenzije mi\u0161i\u0107a i zategnute ko\u017ee. Za definisanje kontura stomaka se izvodi liposukcija stomaka ili abdominoplastika (dermolipektomija stomaka).<\/p>\n\n\n\n<p>Liposukcija stomaka podrazumeva uklanjanje potko\u017enog masnog tkiva u predelu abdomena, naziva se jo\u0161 i liposkulptura. Abdominoplastika je ozbiljniji zahvat, koji podrazumeva zatezanje ko\u017ee opu\u0161tenog stomaka. Prilikom ove operacije se zate\u017eu i trbu\u0161ni mi\u0161i\u0107i, a radi se i transpozicija pupka. Abdominoplastika je podvrsta dermolipektomije, te se \u010desto spominje i ovaj drugi termin kada se govori o ovom zahvatu. Ova dva zahvata mogu se izvoditi zajedno radi postizanja optimalnog rezultata.<\/p>\n\n\n\n<p>Za operaciju stomaka se naj\u010de\u0161\u0107e odlu\u010duju osobe koje su naglo smr\u0161ale, starije osobe kojima je opu\u0161ten tonus mi\u0161i\u0107a, porodilje koje imaju vi\u0161ak ko\u017ee i strije, kao i osobe \u017eeljne da sakriju o\u017eiljke u predelu trbuha. Povrh toga, kandidati za ovakav zahvat su osobe koje su iscrpele sve ostale metode zatezanja stomaka &#8211; korigovanje ishrane, ve\u017ebanje i sl. Operacija stomaka je pogodna i za \u017eene i za mu\u0161karce.<\/p>\n\n\n\n<p>Operacija stomaka u Premium Clinic je potpuno bezbedna, i izvodi se uz pa\u017eljivo planiranje. Na\u0161i hirurzi razumeju koliko je za Vas optere\u0107enje imati abdomen koji visi ili viri ispod ode\u0107e, i na\u0161a je \u017eelja da Vam podarimo \u010dvrst stomak. Posle operacije stomaka u Premium Clinic ima\u0107ete prelep struk i suptilno nagla\u0161ene mi\u0161i\u0107e trbuha.<\/p>\n\n\n\n<figure class=\"wp-block-image size-large is-resized\"><img loading=\"lazy\" decoding=\"async\" src=\"https:\/\/premiumclinic.rs\/wp-content\/uploads\/2023\/08\/zrmndgn-1024x1024.jpg\" alt=\"\" class=\"wp-image-6709\" width=\"352\" height=\"352\" srcset=\"https:\/\/premiumclinic.rs\/wp-content\/uploads\/2023\/08\/zrmndgn-1024x1024.jpg 1024w, https:\/\/premiumclinic.rs\/wp-content\/uploads\/2023\/08\/zrmndgn-400x400.jpg 400w, https:\/\/premiumclinic.rs\/wp-content\/uploads\/2023\/08\/zrmndgn-150x150.jpg 150w, https:\/\/premiumclinic.rs\/wp-content\/uploads\/2023\/08\/zrmndgn-600x600.jpg 600w, https:\/\/premiumclinic.rs\/wp-content\/uploads\/2023\/08\/zrmndgn.jpg 1080w\" sizes=\"auto, (max-width: 352px) 100vw, 352px\" \/><\/figure>\n\n\n\n<div class=\"wp-block-columns is-layout-flex wp-container-core-columns-is-layout-9d6595d7 wp-block-columns-is-layout-flex\">\n<div class=\"wp-block-column is-layout-flow wp-block-column-is-layout-flow\" style=\"flex-basis:100%\">\n<figure class=\"wp-block-gallery aligncenter has-nested-images columns-default is-cropped wp-block-gallery-1 is-layout-flex wp-block-gallery-is-layout-flex\"><\/figure>\n<\/div>\n<\/div>\n\n\n\n<h2 class=\"wp-block-heading\">Pre operacije stomaka<\/h2>\n\n\n\n<p>Da bi utvrdili koji pristup je u Va\u0161em slu\u010daju najbolji, najpre je neophodno da do\u0111ete u Premium Clinic na konsultaciju. Uspostavljanje dobre komunikacije izme\u0111u Vas i Va\u0161eg hirurga je jako bitno za celokupan proces, te slobodno izrazite Va\u0161e \u017eelje i nedoumice da bi dobili najbolju povratnu informaciju. Budite otvoreni prilikom razgovora, a na\u0161 hirurg \u0107e se potruditi da se Vi ose\u0107ate prijatno.<\/p>\n\n\n\n<p>Prilikom konsultacije hirurg \u0107e Vas pitati o Va\u0161oj istoriji bolesti i uradi\u0107e detaljan pregled abdomena. Na osnovu pregleda \u0107e hirurg zaklju\u010diti da li je za Vas liposukcija ili abdominoplastika, ili mo\u017eda oba zahvata u isto vreme. Budite uvereni da hirurg ima u interesu i Va\u0161e zdravlje i da ste u sigurnim rukama.<\/p>\n\n\n\n<p>Kada se odredi zahvat, zakazuje se termin. Hirurg \u0107e Vas obavestiti o daljim koracima i da li je neophodno da dr\u017eite dijetu pre operacije. Operacija \u0107e se odvijati po individualnom planu, kreiranom na osnovu Va\u0161e dijagnoze.<\/p>\n\n\n\n<figure class=\"wp-block-image size-large is-resized\"><img loading=\"lazy\" decoding=\"async\" src=\"https:\/\/premiumclinic.rs\/wp-content\/uploads\/2024\/06\/Operacija-stomaka-i-uvecanje-grudi-anatomski-implanti-395cc-1-1-1024x1024.jpg\" alt=\"\" class=\"wp-image-7076\" width=\"382\" height=\"382\" srcset=\"https:\/\/premiumclinic.rs\/wp-content\/uploads\/2024\/06\/Operacija-stomaka-i-uvecanje-grudi-anatomski-implanti-395cc-1-1-1024x1024.jpg 1024w, https:\/\/premiumclinic.rs\/wp-content\/uploads\/2024\/06\/Operacija-stomaka-i-uvecanje-grudi-anatomski-implanti-395cc-1-1-400x400.jpg 400w, https:\/\/premiumclinic.rs\/wp-content\/uploads\/2024\/06\/Operacija-stomaka-i-uvecanje-grudi-anatomski-implanti-395cc-1-1-150x150.jpg 150w, https:\/\/premiumclinic.rs\/wp-content\/uploads\/2024\/06\/Operacija-stomaka-i-uvecanje-grudi-anatomski-implanti-395cc-1-1-600x600.jpg 600w, https:\/\/premiumclinic.rs\/wp-content\/uploads\/2024\/06\/Operacija-stomaka-i-uvecanje-grudi-anatomski-implanti-395cc-1-1.jpg 1080w\" sizes=\"auto, (max-width: 382px) 100vw, 382px\" \/><\/figure>\n\n\n\n<h2 class=\"wp-block-heading\">Operacija stomaka tipovi<\/h2>\n\n\n\n<h3 class=\"wp-block-heading\">Liposukcija<\/h3>\n\n\n\n<hr class=\"wp-block-separator has-alpha-channel-opacity\"\/>\n\n\n\n<p>Liposukcija se izvodi posebnim instrumentima koji se zovu kanile. Operacija traje 2-3 sata i izvodi se pod op\u0161tom anestezijom. Najpre hirurg napravi nekoliko strate\u0161kih uboda na Va\u0161em stomaku, kroz koje \u0107e onda provu\u0107i kanile. Kanile onda usisaju i izvla\u010de potko\u017eno masno tkivo.&nbsp;<\/p>\n\n\n\n<p>Kada se izvu\u010de planirana koli\u010dina masnog tkiva, ubodi se zatvaraju koncima. Odmah nakon operacije se stavlja steznik na Va\u0161 stomak, koji \u0107e Vam olak\u0161ati oporavak i par sati kasnije mo\u017eete se vratiti ku\u0107i.<\/p>\n\n\n\n<p>Ukoliko \u017eelite da uradimo lipotransfer, hirurg mo\u017ee u toku operacije da umetne Va\u0161e masno tkivo iz stomaka u druge delove tela (usne, bore, jagodice, grudi itd). Ovaj na\u010din ulep\u0161avanja je najzdraviji i najprirodniji, jer koristite sopstveno tkivo za popunjavanje nedostataka. Pored toga, u Premium Clinic mo\u017eete uraditi liposukciju bokova, butina, natkolenice i nadlaktice.<\/p>\n\n\n\n<figure class=\"wp-block-image size-large is-resized\"><img loading=\"lazy\" decoding=\"async\" src=\"https:\/\/premiumclinic.rs\/wp-content\/uploads\/2023\/08\/ssnbdtzb-1024x1024.jpg\" alt=\"\" class=\"wp-image-6717\" width=\"377\" height=\"377\" srcset=\"https:\/\/premiumclinic.rs\/wp-content\/uploads\/2023\/08\/ssnbdtzb-1024x1024.jpg 1024w, https:\/\/premiumclinic.rs\/wp-content\/uploads\/2023\/08\/ssnbdtzb-400x400.jpg 400w, https:\/\/premiumclinic.rs\/wp-content\/uploads\/2023\/08\/ssnbdtzb-150x150.jpg 150w, https:\/\/premiumclinic.rs\/wp-content\/uploads\/2023\/08\/ssnbdtzb-600x600.jpg 600w, https:\/\/premiumclinic.rs\/wp-content\/uploads\/2023\/08\/ssnbdtzb.jpg 1080w\" sizes=\"auto, (max-width: 377px) 100vw, 377px\" \/><\/figure>\n\n\n\n\n\n<h3 class=\"wp-block-heading\">Abdominoplastika<\/h3>\n\n\n\n<hr class=\"wp-block-separator has-alpha-channel-opacity\"\/>\n\n\n\n<p>Ova intervencija traje oko 2-4 sata i radi se pod op\u0161tom anestezijom. Pravi se jedan horizontalni rez u donjem delu stomaka i jedan oko pupka. Vi\u0161ak ko\u017ee se uklanja, a pupak se eventualno preme\u0161ta u novu, vi\u0161u poziciju. Ko\u017ea se zate\u017ee od rebara, sve do reza. Zatezanjem ko\u017ee se elimini\u0161u i strije. Abdominoplastika se mo\u017ee kombinovati sa liposukcijom stomaka u istom zahvatu, ukoliko hirurg zaklju\u010di da postoji vi\u0161ak masnog tkiva.<\/p>\n\n\n\n<p>Nakon toga se zate\u017eu mi\u0161i\u0107i i postavljaju u \u017eeljenu poziciju, \u010dime se defini\u0161u konture stomaka. Ovo se radi isklju\u010divo ako su Va\u0161i mi\u0161i\u0107i rastegnuti pod te\u017einom stomaka. Kada je sve gotovo, rez se zatvara i stavlja se steznik. Potko\u017eno tkivo se u\u0161iva koncima koji se sami resorbuju, a ko\u017ea sa intradermalnim \u0161avovima koji se skidaju i preko toga drenovi.<\/p>\n\n\n\n<p>Postoji i Mini Abdominoplastika, gde se mo\u017ee se izvr\u0161iti samo zatezanje vise\u0107e ko\u017ee donjeg dela stomaka. Ovo je lak\u0161a varijanta, \u0161to se zahvata i oporavka ti\u010de.<\/p>\n\n\n\n<figure class=\"wp-block-image size-large is-resized\"><img loading=\"lazy\" decoding=\"async\" src=\"https:\/\/premiumclinic.rs\/wp-content\/uploads\/2022\/08\/8705D722-8F01-4228-B966-08A86591954D-1024x1024.jpeg\" alt=\"\" class=\"wp-image-5972\" width=\"375\" height=\"375\" srcset=\"https:\/\/premiumclinic.rs\/wp-content\/uploads\/2022\/08\/8705D722-8F01-4228-B966-08A86591954D-1024x1024.jpeg 1024w, https:\/\/premiumclinic.rs\/wp-content\/uploads\/2022\/08\/8705D722-8F01-4228-B966-08A86591954D-400x400.jpeg 400w, https:\/\/premiumclinic.rs\/wp-content\/uploads\/2022\/08\/8705D722-8F01-4228-B966-08A86591954D-150x150.jpeg 150w, https:\/\/premiumclinic.rs\/wp-content\/uploads\/2022\/08\/8705D722-8F01-4228-B966-08A86591954D-1536x1536.jpeg 1536w, https:\/\/premiumclinic.rs\/wp-content\/uploads\/2022\/08\/8705D722-8F01-4228-B966-08A86591954D-2048x2048.jpeg 2048w, https:\/\/premiumclinic.rs\/wp-content\/uploads\/2022\/08\/8705D722-8F01-4228-B966-08A86591954D-600x600.jpeg 600w\" sizes=\"auto, (max-width: 375px) 100vw, 375px\" \/><figcaption class=\"wp-element-caption\">Operacija stomaka u Premium Clinic<\/figcaption><\/figure>\n\n\n\n<h2 class=\"wp-block-heading\">Oporavak od operacije stomaka<\/h2>\n\n\n\n<h3 class=\"wp-block-heading\">Oporavak nakon liposukcije stomaka<\/h3>\n\n\n\n<p>Prvih dana nakon intervencije se preporu\u010duje minimalno kretanje uz lak\u0161e aktivnosti. Hirurg \u0107e Vam da ti instrukcije kako da provedete oporavak, ali nakon ove intervencije se mo\u017eete vrlo brzo vratiti normalnom toku \u017eivota.<\/p>\n\n\n\n<p>Konci se skidaju nakon 7 dana, ali steznik \u0107ete morati da nosite bar jo\u0161 2 nedelje nakon skidanja konaca. Modrice i otoci su normalna pojava u prvih par nedelja, a Va\u0161 hirurg \u0107e Vam prepisati ne\u0161to za bolove. Rezultati liposukcije \u0107e biti vidljivi odmah nakon skidanja steznika &#8211; odu\u0161evi\u0107ete se svojim novim stomakom!<\/p>\n\n\n\n<h3 class=\"wp-block-heading\">Oporavak nakon abdominoplastike<\/h3>\n\n\n\n<p>Prvih 1-2 dana oporavka prove\u0161\u0107ete kod nas. Bi\u0107e Vam naporno, ali jako je va\u017eno da u prvim danima nakon operacije ustanete na svakih par sati i malo \u0161etate po sobi. Na ovaj na\u010din, i uz lagane ve\u017ebe u daljem segmentu oporavka, \u0107ete spre\u010diti pojavu tromboze. Pored povremene \u0161etnje, treba da odmarate sa jastucima ispod kolena, da bi se rasteretio pritisak na \u0161av.<\/p>\n\n\n\n<p>Drenovi se uklanjaju nakon 3 dana a konci nakon 2 nedelje. U me\u0111uvremenu se rana mora previjati na svakih par dana. Nakon operacije mo\u017eete imati utisak stegnutih mi\u0161i\u0107a. To je normalna pojava i za to \u0107e Vam hirurg prepisati lekove za opu\u0161tanje mi\u0161i\u0107a. Elasti\u010dni pojas (steznik) se nosi mesec dana, za to vreme potrudite se da ne di\u017eete te\u017eak teret i da se ne zamarate.<\/p>\n\n\n\n<p>Posle skidanja konaca koristi\u0107ete preporu\u010denu kremu za o\u017eiljak, i ve\u0107 tada \u0107e biti vidljivi prvi rezultati. O\u017eiljak je isprva crven i uo\u010dljiv, ali vremenom \u0107e izbledeti. Budite uvereni da \u0107e o\u017eiljak biti neprimetan, sakriven ispod ve\u0161a. Ubrzo \u0107ete mo\u0107i da nosite svoju omiljenu ode\u0107u bez ijedne brige, u\u017eivaju\u0107i u fantasti\u010dnim rezultatima!<\/p>\n\n\n\n<hr class=\"wp-block-separator has-alpha-channel-opacity\"\/>\n\n\n\n<ul class=\"wp-block-list\">\n<li>Misici se vracaju u pravilan polozaj<\/li>\n\n\n\n<li>Oblikovanje tela<\/li>\n\n\n\n<li>Odusevicete se<\/li>\n\n\n\n<li>Fantasticni rezultati<\/li>\n\n\n\n<li>Stas<\/li>\n\n\n\n<li>Tonus<\/li>\n\n\n\n<li>Trbuh<\/li>\n\n\n\n<li>Prirodne konture<\/li>\n\n\n\n<li>Obline<\/li>\n\n\n\n<li>Konture tela<\/li>\n\n\n\n<li>Pozeljno je drzanje dijete pre operacije<\/li>\n\n\n\n<li>Osecaj sigurnosti i spremnosti<\/li>\n<\/ul>\n\n\n\n<hr class=\"wp-block-separator has-alpha-channel-opacity\"\/>","protected":false},"excerpt":{"rendered":"<p>Zatezanje stomaka zauzima posebno mesto u estetskoj hirurgiji. Da bi Va\u0161 stomak delovao prirodno ravan, neophodno je da se postigne balans izme\u0111u koli\u010dine masnog tkiva, tenzije mi\u0161i\u0107a i zategnute ko\u017ee. Za definisanje kontura stomaka se izvodi liposukcija stomaka ili abdominoplastika (dermolipektomija stomaka). Liposukcija stomaka podrazumeva uklanjanje potko\u017enog masnog tkiva u predelu abdomena, naziva se jo\u0161&#8230;<\/p>","protected":false},"author":1,"featured_media":5322,"parent":0,"menu_order":0,"comment_status":"closed","ping_status":"closed","template":"","meta":{"_acf_changed":false,"_editorskit_title_hidden":false,"_editorskit_reading_time":0,"_editorskit_is_block_options_detached":false,"_editorskit_block_options_position":"{}","_lmt_disableupdate":"","_lmt_disable":"","ngg_post_thumbnail":0,"footnotes":""},"categories":[18],"tags":[],"class_list":["post-5320","page","type-page","status-publish","has-post-thumbnail","hentry","category-blog"],"acf":[],"yoast_head":"<!-- This site is optimized with the Yoast SEO plugin v26.1.1 - https:\/\/yoast.com\/wordpress\/plugins\/seo\/ -->\n<title>Operacija stomaka - Premium Clinic Beograd<\/title>\n<meta name=\"robots\" content=\"index, follow, max-snippet:-1, max-image-preview:large, max-video-preview:-1\" \/>\n<link rel=\"canonical\" href=\"https:\/\/premiumclinic.rs\/ru\/operacija-stomaka\/\" \/>\n<meta property=\"og:locale\" content=\"ru_RU\" \/>\n<meta property=\"og:type\" content=\"article\" \/>\n<meta property=\"og:title\" content=\"Operacija stomaka - Premium Clinic Beograd\" \/>\n<meta property=\"og:description\" content=\"Zatezanje stomaka zauzima posebno mesto u estetskoj hirurgiji. Da bi Va\u0161 stomak delovao prirodno ravan, neophodno je da se postigne balans izme\u0111u koli\u010dine masnog tkiva, tenzije mi\u0161i\u0107a i zategnute ko\u017ee. Za definisanje kontura stomaka se izvodi liposukcija stomaka ili abdominoplastika (dermolipektomija stomaka). Liposukcija stomaka podrazumeva uklanjanje potko\u017enog masnog tkiva u predelu abdomena, naziva se jo\u0161...\" \/>\n<meta property=\"og:url\" content=\"https:\/\/premiumclinic.rs\/ru\/operacija-stomaka\/\" \/>\n<meta property=\"og:site_name\" content=\"Premium Clinic Beograd\" \/>\n<meta property=\"article:modified_time\" content=\"2024-07-17T16:19:36+00:00\" \/>\n<meta property=\"og:image\" content=\"https:\/\/premiumclinic.rs\/wp-content\/uploads\/2021\/05\/zenski-stomak.jpg\" \/>\n\t<meta property=\"og:image:width\" content=\"1920\" \/>\n\t<meta property=\"og:image:height\" content=\"1080\" \/>\n\t<meta property=\"og:image:type\" content=\"image\/jpeg\" \/>\n<meta name=\"twitter:card\" content=\"summary_large_image\" \/>\n<meta name=\"twitter:label1\" content=\"\u041f\u0440\u0438\u043c\u0435\u0440\u043d\u043e\u0435 \u0432\u0440\u0435\u043c\u044f \u0434\u043b\u044f \u0447\u0442\u0435\u043d\u0438\u044f\" \/>\n\t<meta name=\"twitter:data1\" content=\"6 \u043c\u0438\u043d\u0443\u0442\" \/>\n<script type=\"application\/ld+json\" class=\"yoast-schema-graph\">{\"@context\":\"https:\/\/schema.org\",\"@graph\":[{\"@type\":\"WebPage\",\"@id\":\"https:\/\/premiumclinic.rs\/operacija-stomaka\/\",\"url\":\"https:\/\/premiumclinic.rs\/operacija-stomaka\/\",\"name\":\"Operacija stomaka - Premium Clinic Beograd\",\"isPartOf\":{\"@id\":\"https:\/\/premiumclinic.rs\/#website\"},\"primaryImageOfPage\":{\"@id\":\"https:\/\/premiumclinic.rs\/operacija-stomaka\/#primaryimage\"},\"image\":{\"@id\":\"https:\/\/premiumclinic.rs\/operacija-stomaka\/#primaryimage\"},\"thumbnailUrl\":\"https:\/\/premiumclinic.rs\/wp-content\/uploads\/2021\/05\/zenski-stomak.jpg\",\"datePublished\":\"2021-05-28T00:16:00+00:00\",\"dateModified\":\"2024-07-17T16:19:36+00:00\",\"breadcrumb\":{\"@id\":\"https:\/\/premiumclinic.rs\/operacija-stomaka\/#breadcrumb\"},\"inLanguage\":\"ru-RU\",\"potentialAction\":[{\"@type\":\"ReadAction\",\"target\":[\"https:\/\/premiumclinic.rs\/operacija-stomaka\/\"]}]},{\"@type\":\"ImageObject\",\"inLanguage\":\"ru-RU\",\"@id\":\"https:\/\/premiumclinic.rs\/operacija-stomaka\/#primaryimage\",\"url\":\"https:\/\/premiumclinic.rs\/wp-content\/uploads\/2021\/05\/zenski-stomak.jpg\",\"contentUrl\":\"https:\/\/premiumclinic.rs\/wp-content\/uploads\/2021\/05\/zenski-stomak.jpg\",\"width\":1920,\"height\":1080},{\"@type\":\"BreadcrumbList\",\"@id\":\"https:\/\/premiumclinic.rs\/operacija-stomaka\/#breadcrumb\",\"itemListElement\":[{\"@type\":\"ListItem\",\"position\":1,\"name\":\"Home\",\"item\":\"https:\/\/premiumclinic.rs\/\"},{\"@type\":\"ListItem\",\"position\":2,\"name\":\"Operacija stomaka\"}]},{\"@type\":\"WebSite\",\"@id\":\"https:\/\/premiumclinic.rs\/#website\",\"url\":\"https:\/\/premiumclinic.rs\/\",\"name\":\"Premium Clinic Beograd\",\"description\":\"Specijalisti\u010dka ordinacija za plasti\u010dnu, rekonstruktivnu i estetsku hirurgiju\",\"potentialAction\":[{\"@type\":\"SearchAction\",\"target\":{\"@type\":\"EntryPoint\",\"urlTemplate\":\"https:\/\/premiumclinic.rs\/?s={search_term_string}\"},\"query-input\":{\"@type\":\"PropertyValueSpecification\",\"valueRequired\":true,\"valueName\":\"search_term_string\"}}],\"inLanguage\":\"ru-RU\"}]}<\/script>\n<!-- \/ Yoast SEO plugin. -->","yoast_head_json":{"title":"Operacija stomaka - Premium Clinic Beograd","robots":{"index":"index","follow":"follow","max-snippet":"max-snippet:-1","max-image-preview":"max-image-preview:large","max-video-preview":"max-video-preview:-1"},"canonical":"https:\/\/premiumclinic.rs\/ru\/operacija-stomaka\/","og_locale":"ru_RU","og_type":"article","og_title":"Operacija stomaka - Premium Clinic Beograd","og_description":"Zatezanje stomaka zauzima posebno mesto u estetskoj hirurgiji. Da bi Va\u0161 stomak delovao prirodno ravan, neophodno je da se postigne balans izme\u0111u koli\u010dine masnog tkiva, tenzije mi\u0161i\u0107a i zategnute ko\u017ee. Za definisanje kontura stomaka se izvodi liposukcija stomaka ili abdominoplastika (dermolipektomija stomaka). Liposukcija stomaka podrazumeva uklanjanje potko\u017enog masnog tkiva u predelu abdomena, naziva se jo\u0161...","og_url":"https:\/\/premiumclinic.rs\/ru\/operacija-stomaka\/","og_site_name":"Premium Clinic Beograd","article_modified_time":"2024-07-17T16:19:36+00:00","og_image":[{"width":1920,"height":1080,"url":"https:\/\/premiumclinic.rs\/wp-content\/uploads\/2021\/05\/zenski-stomak.jpg","type":"image\/jpeg"}],"twitter_card":"summary_large_image","twitter_misc":{"\u041f\u0440\u0438\u043c\u0435\u0440\u043d\u043e\u0435 \u0432\u0440\u0435\u043c\u044f \u0434\u043b\u044f \u0447\u0442\u0435\u043d\u0438\u044f":"6 \u043c\u0438\u043d\u0443\u0442"},"schema":{"@context":"https:\/\/schema.org","@graph":[{"@type":"WebPage","@id":"https:\/\/premiumclinic.rs\/operacija-stomaka\/","url":"https:\/\/premiumclinic.rs\/operacija-stomaka\/","name":"Operacija stomaka - Premium Clinic Beograd","isPartOf":{"@id":"https:\/\/premiumclinic.rs\/#website"},"primaryImageOfPage":{"@id":"https:\/\/premiumclinic.rs\/operacija-stomaka\/#primaryimage"},"image":{"@id":"https:\/\/premiumclinic.rs\/operacija-stomaka\/#primaryimage"},"thumbnailUrl":"https:\/\/premiumclinic.rs\/wp-content\/uploads\/2021\/05\/zenski-stomak.jpg","datePublished":"2021-05-28T00:16:00+00:00","dateModified":"2024-07-17T16:19:36+00:00","breadcrumb":{"@id":"https:\/\/premiumclinic.rs\/operacija-stomaka\/#breadcrumb"},"inLanguage":"ru-RU","potentialAction":[{"@type":"ReadAction","target":["https:\/\/premiumclinic.rs\/operacija-stomaka\/"]}]},{"@type":"ImageObject","inLanguage":"ru-RU","@id":"https:\/\/premiumclinic.rs\/operacija-stomaka\/#primaryimage","url":"https:\/\/premiumclinic.rs\/wp-content\/uploads\/2021\/05\/zenski-stomak.jpg","contentUrl":"https:\/\/premiumclinic.rs\/wp-content\/uploads\/2021\/05\/zenski-stomak.jpg","width":1920,"height":1080},{"@type":"BreadcrumbList","@id":"https:\/\/premiumclinic.rs\/operacija-stomaka\/#breadcrumb","itemListElement":[{"@type":"ListItem","position":1,"name":"Home","item":"https:\/\/premiumclinic.rs\/"},{"@type":"ListItem","position":2,"name":"Operacija stomaka"}]},{"@type":"WebSite","@id":"https:\/\/premiumclinic.rs\/#website","url":"https:\/\/premiumclinic.rs\/","name":"Premium Clinic Beograd","description":"Specijalisti\u010dka ordinacija za plasti\u010dnu, rekonstruktivnu i estetsku hirurgiju","potentialAction":[{"@type":"SearchAction","target":{"@type":"EntryPoint","urlTemplate":"https:\/\/premiumclinic.rs\/?s={search_term_string}"},"query-input":{"@type":"PropertyValueSpecification","valueRequired":true,"valueName":"search_term_string"}}],"inLanguage":"ru-RU"}]}},"_links":{"self":[{"href":"https:\/\/premiumclinic.rs\/ru\/wp-json\/wp\/v2\/pages\/5320","targetHints":{"allow":["GET"]}}],"collection":[{"href":"https:\/\/premiumclinic.rs\/ru\/wp-json\/wp\/v2\/pages"}],"about":[{"href":"https:\/\/premiumclinic.rs\/ru\/wp-json\/wp\/v2\/types\/page"}],"author":[{"embeddable":true,"href":"https:\/\/premiumclinic.rs\/ru\/wp-json\/wp\/v2\/users\/1"}],"replies":[{"embeddable":true,"href":"https:\/\/premiumclinic.rs\/ru\/wp-json\/wp\/v2\/comments?post=5320"}],"version-history":[{"count":14,"href":"https:\/\/premiumclinic.rs\/ru\/wp-json\/wp\/v2\/pages\/5320\/revisions"}],"predecessor-version":[{"id":7148,"href":"https:\/\/premiumclinic.rs\/ru\/wp-json\/wp\/v2\/pages\/5320\/revisions\/7148"}],"wp:featuredmedia":[{"embeddable":true,"href":"https:\/\/premiumclinic.rs\/ru\/wp-json\/wp\/v2\/media\/5322"}],"wp:attachment":[{"href":"https:\/\/premiumclinic.rs\/ru\/wp-json\/wp\/v2\/media?parent=5320"}],"wp:term":[{"taxonomy":"category","embeddable":true,"href":"https:\/\/premiumclinic.rs\/ru\/wp-json\/wp\/v2\/categories?post=5320"},{"taxonomy":"post_tag","embeddable":true,"href":"https:\/\/premiumclinic.rs\/ru\/wp-json\/wp\/v2\/tags?post=5320"}],"curies":[{"name":"wp","href":"https:\/\/api.w.org\/{rel}","templated":true}]}}